{"id":12985,"date":"2017-09-02T21:14:58","date_gmt":"2017-09-02T21:14:58","guid":{"rendered":"https:\/\/agstudio.al\/sq\/?page_id=12985"},"modified":"2023-11-22T00:19:28","modified_gmt":"2023-11-21T22:19:28","slug":"ndertojme-faqe-interneti-website-dyqan-online-biznese-portale","status":"publish","type":"page","link":"https:\/\/agstudio.al\/sq\/ndertojme-faqe-interneti-website-dyqan-online-biznese-portale\/","title":{"rendered":"Ndertojme Faqe Interneti, Website, Dyqan Online, Biznese, Portale"},"content":{"rendered":"<div class=\"wpb-content-wrapper\"><p>[vc_row row_type=&#8221;2&#8243; page_title=&#8221;page-title-x&#8221; blox_padding_top=&#8221;50&#8243; blox_padding_bottom=&#8221;50&#8243; blox_bgcolor=&#8221;#f7f7f7&#8243;][vc_column][vc_single_image image=&#8221;14130&#8243; img_size=&#8221;full&#8221;]<hr class=\"vertical-space2\">[vc_column_text]<\/p>\n<h2><strong>Nd\u00ebrtoni Faqen Tuaj t\u00eb Internetit me Ekipin Ton\u00eb t\u00eb Specializuar<\/strong><\/h2>\n<p>A jeni n\u00eb k\u00ebrkim t\u00eb nj\u00eb faqeje t\u00eb internetit t\u00eb personalizuar, nj\u00eb website-i p\u00ebr biznesin tuaj, nj\u00eb dyqani online ose nj\u00eb portal t\u00eb specializuar? Ne jemi k\u00ebtu p\u00ebr t&#8217;ju ndihmuar t\u00eb nd\u00ebrtoni prezenc\u00ebn tuaj online me nj\u00eb ekip t\u00eb specializuar n\u00eb zhvillimin e faqeve t\u00eb internetit. Me nj\u00eb p\u00ebrvoj\u00eb t\u00eb gjat\u00eb dhe t\u00eb pasur n\u00eb fush\u00ebn e nd\u00ebrtimit t\u00eb faqeve t\u00eb internetit, ne kuptojm\u00eb nevojat e ndryshme t\u00eb klient\u00ebve tan\u00eb dhe ofrojm\u00eb zgjidhje t\u00eb personalizuara p\u00ebr secilin projekt.<\/p>\n<h3><strong>Website-e t\u00eb Personalizuara p\u00ebr Bizneset Tuaja<\/strong><\/h3>\n<p>Bizneset moderne duhet t\u00eb ken\u00eb nj\u00eb website t\u00eb besuesh\u00ebm dhe t\u00ebrheq\u00ebs p\u00ebr t\u00eb prezantuar produkte dhe sh\u00ebrbime. Ne punojm\u00eb ngusht\u00eb me klient\u00ebt tan\u00eb p\u00ebr t\u00eb nd\u00ebrtuar website-e t\u00eb personalizuara q\u00eb p\u00ebrmbajn\u00eb dizajn t\u00ebrheq\u00ebs, funksionalitete t\u00eb avancuara dhe optimizim p\u00ebr motor\u00ebt e k\u00ebrkimit (SEO). P\u00ebrvoja jon\u00eb n\u00eb nd\u00ebrtimin e website-ve p\u00ebr biznese t\u00eb ndryshme na b\u00ebn nj\u00eb partner t\u00eb besuesh\u00ebm p\u00ebr projektin tuaj t\u00eb ardhsh\u00ebm.<\/p>\n<h3><strong>Dyqane Online dhe Portale t\u00eb Specializuara<\/strong><\/h3>\n<p>Po nd\u00ebrtuar nj\u00eb dyqan online ose portal t\u00eb specializuar? Ekipi yn\u00eb i kualifikuar \u00ebsht\u00eb gati t\u00eb materializoj\u00eb vizionin tuaj. Duke p\u00ebrdorur teknologji t\u00eb fundit dhe nj\u00eb qasje t\u00eb personalizuar, ne krijojm\u00eb dyqane online t\u00eb p\u00ebrshtatshme p\u00ebr produktet tuaja, si dhe portale t\u00eb specializuara me funksionalitete t\u00eb pasura.<\/p>\n<p>Pavar\u00ebsisht se \u00e7far\u00eb lloj faqeje t\u00eb internetit k\u00ebrkoni t\u00eb nd\u00ebrtuar, ne jemi k\u00ebtu p\u00ebr t&#8217;ju ofruar sh\u00ebrbimet dhe ekspertiz\u00ebn q\u00eb ju nevojiten. Kontaktoni ekipin ton\u00eb sot p\u00ebr t\u00eb filluar projektin tuaj t\u00eb nd\u00ebrtimit t\u00eb faqes s\u00eb internetit.<\/p>\n<div dir=\"auto\"><\/div>\n<h2 dir=\"auto\">\u00c7far\u00eb ka nj\u00eb dyqan online?<\/h2>\n<ul>\n<li dir=\"auto\"><strong><em>Nuk ka kufij<\/em><\/strong><\/li>\n<li dir=\"auto\"><strong><em>Nuk flen asnj\u00ebher\u00eb<\/em><\/strong><\/li>\n<li dir=\"auto\"><strong><em>Nuk varet nga hapsira gjeografike ku ndodhet<\/em><\/strong><\/li>\n<li dir=\"auto\"><strong><em>Mund t\u00eb zgjerohet pa limit<\/em><\/strong><\/li>\n<li dir=\"auto\"><strong><em>Nuk ka kosto qeraje<\/em><\/strong><\/li>\n<li dir=\"auto\"><strong><em>\u00cbsht\u00eb shum\u00eb i thjesht\u00eb p\u00ebr tu reklamuar<\/em><\/strong><\/li>\n<li dir=\"auto\"><strong><em>Mund\u00ebson klientin t\u00eb blej\u00eb n\u00eb koh\u00ebn e vet\u00eb n\u00eb komfortin e sht\u00ebpis\u00eb<\/em><\/strong><\/li>\n<\/ul>\n<p>[\/vc_column_text][\/vc_column][\/vc_row][vc_row][vc_column]<hr class=\"vertical-space4\">\n\t<div class=\"max-title max-title4\">\n\t\t<h2>Dizenjimi dhe <strong>Ndertim Faqe Interneti<\/strong><\/h2>\n\t<\/div>[\/vc_column][\/vc_row][vc_row][vc_column width=&#8221;7\/12&#8243;][vc_column_text]<\/p>\n<h3><strong>Pse Nj\u00eb Website i Mir\u00ebdizenjuar \u00cbsht\u00eb Ky\u00e7 p\u00ebr Suksesin e Biznesit Tuaj<\/strong><\/h3>\n<p>N\u00eb bot\u00ebn e sotme digjitale, nj\u00eb website profesionist \u00ebsht\u00eb jo vet\u00ebm nj\u00eb dritare n\u00eb bot\u00ebn tuaj t\u00eb biznesit, por gjithashtu nj\u00eb mjet jetik p\u00ebr t\u00eb qen\u00eb t\u00eb duksh\u00ebm dhe t\u00eb arritsh\u00ebm p\u00ebr klient\u00ebt tuaj n\u00eb \u00e7do koh\u00eb dhe nga \u00e7do vend n\u00eb bot\u00eb. Imagjinoni nj\u00eb p\u00ebrfaq\u00ebsues q\u00eb punon p\u00ebr ju 24\/7, duke u p\u00ebrgjigjur pyetjeve t\u00eb klient\u00ebve, duke ofruar informacione dhe sh\u00ebrbime, edhe kur jeni larg zyr\u00ebs ose n\u00eb pushime. Kjo \u00ebsht\u00eb fuqia e nj\u00eb website t\u00eb profesionalizuar \u2013 nj\u00eb p\u00ebrfaq\u00ebsues gjithmon\u00eb n\u00eb detyr\u00eb, nga Amerika n\u00eb Kin\u00eb.<\/p>\n<h3><strong>Faqja Juaj e Internetit si Mjeti Juaj m\u00eb i Fuqish\u00ebm i Marketingut<\/strong><\/h3>\n<p>Nj\u00eb faqe interneti e mir\u00ebdizenjuar \u00ebsht\u00eb shum\u00eb m\u00eb shum\u00eb se nj\u00eb kartvizit\u00eb digjitale; ajo \u00ebsht\u00eb nj\u00eb veg\u00ebl e fuqishme marketingu q\u00eb mund t\u00eb zgjeroj\u00eb tregun tuaj p\u00ebrtej kufijve lokal\u00eb, duke ju lejuar t\u00eb arrini audienc\u00eb globale me kostot minimale. Ndryshe nga broshurat e shtypura, nj\u00eb website mund t\u00eb p\u00ebrshtatet dhe t\u00eb ndryshohet n\u00eb \u00e7do moment, pa asnj\u00eb kosto shtes\u00eb \u2013 duke ju ofruar nj\u00eb mjet t\u00eb gjall\u00eb dhe t\u00eb p\u00ebrshtatsh\u00ebm p\u00ebr komunikim dhe shitje.<\/p>\n<h3><strong>Krijimi i Website-ve q\u00eb P\u00ebrcjellin Mesazhin Tuaj n\u00eb Bot\u00eb<\/strong><\/h3>\n<p>N\u00eb &#8220;Studio Faqe Interneti&#8221;, ne kuptojm\u00eb se nj\u00eb website duhet t\u00eb jet\u00eb m\u00eb shum\u00eb se thjesht t\u00ebrheq\u00ebs vizualisht; ai duhet t\u00eb jet\u00eb efikas n\u00eb komunikimin dhe promovimin e produkteve dhe sh\u00ebrbimeve tuaja tek audiencat e synuara. Ne krijojm\u00eb zgjidhje t\u00eb personalizuara q\u00eb p\u00ebrcaktohen nga nevojat dhe objektivat tuaja unike, qofshin ato p\u00ebr q\u00ebllime biznesi apo personale. Q\u00ebllimi yn\u00eb \u00ebsht\u00eb q\u00eb procesi i krijimit t\u00eb website-it tuaj t\u00eb jet\u00eb jo vet\u00ebm produktiv, por edhe nj\u00eb eksperienc\u00eb e k\u00ebndshme dhe e leht\u00eb p\u00ebr ju.<\/p>\n<h3><strong>Investoni n\u00eb T\u00eb Ardhmen Digjitale t\u00eb Biznesit Tuaj<\/strong><\/h3>\n<p>Ne ju ftojm\u00eb t\u00eb bashk\u00ebpunoni me ne p\u00ebr t\u00eb nd\u00ebrtuar nj\u00eb website q\u00eb jo vet\u00ebm q\u00eb duket mahnitsh\u00ebm, por q\u00eb funksionon si nj\u00eb motor i fuqish\u00ebm p\u00ebr rritjen dhe zgjerimin e biznesit tuaj. Kontakti i par\u00eb i shum\u00eb klient\u00ebve me biznesin tuaj mund t\u00eb jet\u00eb p\u00ebrmes website-it tuaj, prandaj le t\u00eb b\u00ebjm\u00eb at\u00eb kontaktin m\u00eb t\u00eb mir\u00eb t\u00eb mundsh\u00ebm. Bashk\u00eb, ne mund t\u00eb krijojm\u00eb nj\u00eb dritare n\u00eb bot\u00ebn e mund\u00ebsive t\u00eb pafundme n\u00eb tregun global.[\/vc_column_text][\/vc_column][vc_column width=&#8221;5\/12&#8243;][vc_single_image image=&#8221;13160&#8243; img_size=&#8221;full&#8221; alignment=&#8221;right&#8221; css_animation=&#8221;bottom-to-top&#8221;]<hr class=\"vertical-space5\">[\/vc_column][\/vc_row][vc_row][vc_column]<hr class=\"vertical-space1\"><hr>[vc_column_text]<\/p>\n<h3 dir=\"auto\">NA KONTAKONI<\/h3>\n<div dir=\"auto\"><\/div>\n<div dir=\"auto\"><\/div>\n<div dir=\"auto\">\n<div class=\"wpcf7 no-js\" id=\"wpcf7-f5703-o1\" lang=\"en-US\" dir=\"ltr\" data-wpcf7-id=\"5703\">\n<div class=\"screen-reader-response\"><p role=\"status\" aria-live=\"polite\" aria-atomic=\"true\"><\/p> <ul><\/ul><\/div>\n<form action=\"\/sq\/wp-json\/wp\/v2\/pages\/12985#wpcf7-f5703-o1\" method=\"post\" class=\"wpcf7-form init\" aria-label=\"Contact form\" novalidate=\"novalidate\" data-status=\"init\">\n<fieldset class=\"hidden-fields-container\"><input type=\"hidden\" name=\"_wpcf7\" value=\"5703\" \/><input type=\"hidden\" name=\"_wpcf7_version\" value=\"6.1.5\" \/><input type=\"hidden\" name=\"_wpcf7_locale\" value=\"en_US\" \/><input type=\"hidden\" name=\"_wpcf7_unit_tag\" value=\"wpcf7-f5703-o1\" \/><input type=\"hidden\" name=\"_wpcf7_container_post\" value=\"0\" \/><input type=\"hidden\" name=\"_wpcf7_posted_data_hash\" value=\"\" \/><input type=\"hidden\" name=\"_wpcf7_recaptcha_response\" value=\"\" \/>\n<\/fieldset>\n<!-- name -->\n<div id=\"talk-business\" class=seo-cf-page>\n\t<div class=\"row\">\n\t\t<div class=\"col-sm-12 es-cp\">\n\t\t\t<p class=\"talk-business-title\">Your Name\n\t\t\t<\/p>\n\t\t\t<p><span class=\"wpcf7-form-control-wrap\" data-name=\"Name\"><input size=\"40\" maxlength=\"400\" class=\"wpcf7-form-control wpcf7-text style_contact_information\" aria-invalid=\"false\" value=\"\" type=\"text\" name=\"Name\" \/><\/span>\n\t\t\t<\/p>\n\t\t<\/div>\n\t<\/div>\n\n <!-- mail & subject -->\n\t<div class=\"row\">\n\t\t<div class=\"col-sm-6 es-cp\">\n\t\t\t<p class=\"talk-business-title\">Your Email\n\t\t\t<\/p>\n\t\t\t<p><span class=\"wpcf7-form-control-wrap\" data-name=\"Email\"><input size=\"40\" maxlength=\"400\" class=\"wpcf7-form-control wpcf7-email wpcf7-text wpcf7-validates-as-email style_contact_information\" aria-invalid=\"false\" value=\"\" type=\"email\" name=\"Email\" \/><\/span>\n\t\t\t<\/p>\n\t\t<\/div>\n\t\t<div class=\"col-sm-6 es-cp\">\n\t\t\t<p class=\"talk-business-title\">Subject\n\t\t\t<\/p>\n\t\t\t<p><span class=\"wpcf7-form-control-wrap\" data-name=\"Subject\"><input size=\"40\" maxlength=\"400\" class=\"wpcf7-form-control wpcf7-text style_contact_information\" aria-invalid=\"false\" value=\"\" type=\"text\" name=\"Subject\" \/><\/span>\n\t\t\t<\/p>\n\t\t<\/div>\n\t<\/div>\n\n <!-- text area -->\n\t<div class=\"row\">\n\t\t<div class=\"col-sm-12 es-cp\">\n\t\t\t<p class=\"talk-business-title\">Your Message\n\t\t\t<\/p>\n\t\t\t<p><span class=\"wpcf7-form-control-wrap\" data-name=\"Textarea\"><textarea cols=\"40\" rows=\"10\" maxlength=\"2000\" class=\"wpcf7-form-control wpcf7-textarea style_contact_information\" aria-invalid=\"false\" name=\"Textarea\"><\/textarea><\/span>\n\t\t\t<\/p>\n\t\t<\/div>\n\t<\/div>\n\n <!-- btns -->\n\t<div class=\"row contact_information_btns\">\n\t\t<div class=\"col-sm-3\">\n\t\t<\/div>\n\t\t<div class=\"col-sm-6 aligncenter\">\n\t\t\t<p><input class=\"wpcf7-form-control wpcf7-submit has-spinner\" type=\"submit\" value=\"Send\" \/>\n\t\t\t<\/p>\n\t\t<\/div>\n\t\t<div class=\"col-sm-3\">\n\t\t<\/div>\n\t<\/div>\n<\/div><p style=\"display: none !important;\" class=\"akismet-fields-container\" data-prefix=\"_wpcf7_ak_\"><label>&#916;<textarea name=\"_wpcf7_ak_hp_textarea\" cols=\"45\" rows=\"8\" maxlength=\"100\"><\/textarea><\/label><input type=\"hidden\" id=\"ak_js_1\" name=\"_wpcf7_ak_js\" value=\"26\"\/><script type=\"text\/javascript\">\n\/* <![CDATA[ *\/\ndocument.getElementById( \"ak_js_1\" ).setAttribute( \"value\", ( new Date() ).getTime() );\n\/* ]]> *\/\n<\/script>\n<\/p><div class=\"wpcf7-response-output\" aria-hidden=\"true\"><\/div>\n<\/form>\n<\/div>\n<\/div>\n<p>[\/vc_column_text][\/vc_column][\/vc_row]<\/p>\n<\/div>","protected":false},"excerpt":{"rendered":"<p>[vc_row row_type=&#8221;2&#8243; page_title=&#8221;page-title-x&#8221; blox_padding_top=&#8221;50&#8243; blox_padding_bottom=&#8221;50&#8243; blox_bgcolor=&#8221;#f7f7f7&#8243;][vc_column][vc_single_image image=&#8221;14130&#8243; img_size=&#8221;full&#8221;][vc_column_text] Nd\u00ebrtoni Faqen Tuaj t\u00eb Internetit me Ekipin Ton\u00eb t\u00eb Specializuar A jeni n\u00eb k\u00ebrkim t\u00eb nj\u00eb faqeje t\u00eb internetit t\u00eb personalizuar, nj\u00eb website-i p\u00ebr biznesin tuaj, nj\u00eb dyqani online ose nj\u00eb portal t\u00eb specializuar? Ne jemi k\u00ebtu p\u00ebr t&#8217;ju ndihmuar t\u00eb nd\u00ebrtoni prezenc\u00ebn tuaj online me nj\u00eb ekip t\u00eb specializuar n\u00eb zhvillimin e faqeve t\u00eb internetit. Me nj\u00eb p\u00ebrvoj\u00eb t\u00eb gjat\u00eb dhe t\u00eb pasur n\u00eb fush\u00ebn e nd\u00ebrtimit t\u00eb faqeve t\u00eb internetit, ne kuptojm\u00eb nevojat e ndryshme t\u00eb klient\u00ebve tan\u00eb dhe ofrojm\u00eb zgjidhje t\u00eb personalizuara p\u00ebr secilin projekt. Website-e t\u00eb Personalizuara p\u00ebr Bizneset Tuaja Bizneset moderne duhet t\u00eb ken\u00eb nj\u00eb website t\u00eb besuesh\u00ebm dhe t\u00ebrheq\u00ebs p\u00ebr t\u00eb prezantuar produkte dhe sh\u00ebrbime. Ne punojm\u00eb ngusht\u00eb me klient\u00ebt tan\u00eb p\u00ebr t\u00eb nd\u00ebrtuar website-e t\u00eb personalizuara q\u00eb p\u00ebrmbajn\u00eb dizajn t\u00ebrheq\u00ebs, funksionalitete t\u00eb avancuara dhe optimizim p\u00ebr motor\u00ebt e k\u00ebrkimit (SEO). P\u00ebrvoja jon\u00eb n\u00eb nd\u00ebrtimin e website-ve p\u00ebr biznese t\u00eb ndryshme na b\u00ebn nj\u00eb partner t\u00eb besuesh\u00ebm p\u00ebr projektin tuaj t\u00eb ardhsh\u00ebm. Dyqane Online dhe Portale t\u00eb Specializuara Po nd\u00ebrtuar nj\u00eb dyqan online ose portal t\u00eb specializuar? Ekipi yn\u00eb i kualifikuar \u00ebsht\u00eb gati t\u00eb materializoj\u00eb vizionin tuaj. Duke p\u00ebrdorur teknologji t\u00eb fundit dhe nj\u00eb qasje t\u00eb personalizuar, ne krijojm\u00eb dyqane online t\u00eb p\u00ebrshtatshme p\u00ebr produktet tuaja, si dhe portale t\u00eb specializuara me funksionalitete t\u00eb pasura. Pavar\u00ebsisht se \u00e7far\u00eb lloj faqeje t\u00eb internetit k\u00ebrkoni t\u00eb nd\u00ebrtuar, ne jemi k\u00ebtu p\u00ebr t&#8217;ju ofruar sh\u00ebrbimet dhe ekspertiz\u00ebn q\u00eb ju nevojiten. Kontaktoni ekipin ton\u00eb sot p\u00ebr t\u00eb filluar projektin tuaj t\u00eb nd\u00ebrtimit t\u00eb faqes s\u00eb internetit. \u00c7far\u00eb ka nj\u00eb dyqan online? Nuk ka kufij Nuk flen asnj\u00ebher\u00eb Nuk varet nga hapsira gjeografike ku ndodhet Mund t\u00eb zgjerohet pa limit Nuk ka kosto qeraje \u00cbsht\u00eb shum\u00eb i thjesht\u00eb p\u00ebr tu reklamuar Mund\u00ebson klientin t\u00eb blej\u00eb n\u00eb koh\u00ebn e vet\u00eb n\u00eb komfortin&#8230; <\/p>\n<p><a class=\"readmore\" href=\"https:\/\/agstudio.al\/sq\/ndertojme-faqe-interneti-website-dyqan-online-biznese-portale\/\">me shume &#8230;<\/a><\/p>\n","protected":false},"author":1,"featured_media":14112,"parent":0,"menu_order":0,"comment_status":"closed","ping_status":"closed","template":"","meta":{"_seopress_robots_primary_cat":"","_seopress_titles_title":"Nd\u00ebrtoni Faqen Tuaj t\u00eb Internetit me Ekipin Ton\u00eb t\u00eb Specializuar","_seopress_titles_desc":"Nj\u00eb faqe interneti e mir\u00ebdizenjuar \u00ebsht\u00eb shum\u00eb m\u00eb shum\u00eb se nj\u00eb kartvizit\u00eb digjitale; ajo \u00ebsht\u00eb nj\u00eb veg\u00ebl e fuqishme marketingu q\u00eb mund t\u00eb zgjeroj\u00eb tregun tuaj p\u00ebrtej kufijve","_seopress_robots_index":"","_seopress_analysis_target_kw":"faqe interneti,website,Nd\u00ebrtoni Faqen Tuaj t\u00eb Internetit,faqe interneti per blerje online,faqe interneti profesionale,krijo faqe interneti,ndertim faqe interneti,faqe interneti dinamike,faqe interneti biznesi,mirembajtje faqe interneti","footnotes":""},"class_list":["post-12985","page","type-page","status-publish","has-post-thumbnail","hentry"],"_links":{"self":[{"href":"https:\/\/agstudio.al\/sq\/wp-json\/wp\/v2\/pages\/12985","targetHints":{"allow":["GET"]}}],"collection":[{"href":"https:\/\/agstudio.al\/sq\/wp-json\/wp\/v2\/pages"}],"about":[{"href":"https:\/\/agstudio.al\/sq\/wp-json\/wp\/v2\/types\/page"}],"author":[{"embeddable":true,"href":"https:\/\/agstudio.al\/sq\/wp-json\/wp\/v2\/users\/1"}],"replies":[{"embeddable":true,"href":"https:\/\/agstudio.al\/sq\/wp-json\/wp\/v2\/comments?post=12985"}],"version-history":[{"count":0,"href":"https:\/\/agstudio.al\/sq\/wp-json\/wp\/v2\/pages\/12985\/revisions"}],"wp:featuredmedia":[{"embeddable":true,"href":"https:\/\/agstudio.al\/sq\/wp-json\/wp\/v2\/media\/14112"}],"wp:attachment":[{"href":"https:\/\/agstudio.al\/sq\/wp-json\/wp\/v2\/media?parent=12985"}],"curies":[{"name":"wp","href":"https:\/\/api.w.org\/{rel}","templated":true}]}}