{"id":13,"date":"2015-12-08T11:02:17","date_gmt":"2015-12-08T11:02:17","guid":{"rendered":"http:\/\/webnus.biz\/themes\/easyweb\/seo\/?page_id=13"},"modified":"2024-08-28T14:49:43","modified_gmt":"2024-08-28T12:49:43","slug":"home-1","status":"publish","type":"page","link":"https:\/\/agstudio.al\/sq\/","title":{"rendered":"Home"},"content":{"rendered":"<div class=\"wpb-content-wrapper\"><p>[vc_row row_type=&#8221;1&#8243;][vc_column][vc_raw_html]JTVCbGF5ZXJzbGlkZXIlMjBpZCUzRCUyMjMlMjIlNUQ=[\/vc_raw_html][\/vc_column][\/vc_row][vc_row][vc_column css=&#8221;.vc_custom_1453205357165{padding-top: 5px !important;padding-bottom: 5px !important;}&#8221;]<hr class=\"vertical-space4\">\n\t<div class=\"max-title max-title5\">\n\t\t<h1>OFROJM\u00cb <strong>KETO SHERBIME<\/strong><\/h2>\n\t<\/div>[vc_column_text]<\/p>\n<p class=\"slog-tx3 aligncenter\">AGStudio.al \u00ebsht\u00eb nj\u00eb studio e lindur nga deshira p\u00ebr t\u00eb sjell n\u00eb tregun e ri shqiptar eksperiencen tone n\u00eb fush\u00ebn e krijimit.\u00a0P\u00ebrvoja jon\u00eb n\u00eb k\u00ebt\u00eb fush\u00eb dhe bashk\u00ebpunimi me ju, ju garanton nj\u00eb stil dallues dhe t\u00eb vecant\u00eb p\u00ebr mark\u00ebn e biznesit tuaj<\/p>\n<p>[\/vc_column_text]<hr class=\"vertical-space1\">[vc_row_inner equal_height=&#8221;yes&#8221;][vc_column_inner width=&#8221;1\/4&#8243; offset=&#8221;vc_col-lg-3 vc_col-md-6&#8243;]<article class=\"icon-box2\" ><a href=\"https:\/\/agstudio.al\/sq\/shtepi-botuese\/\"><i class=\"icon-book-open\" style=\"\"><\/i><\/a><h4>SHT\u00cbPI BOTUESE<\/h4><p>Botime te ndryshme, faqosje, shtypshkrim<\/p><a class=\"magicmore\" href=\"https:\/\/agstudio.al\/sq\/shtepi-botuese\/\">Me shume<\/a><\/article>[\/vc_column_inner][vc_column_inner width=&#8221;1\/4&#8243; offset=&#8221;vc_col-lg-3 vc_col-md-6&#8243;]<article class=\"icon-box2\" ><a href=\"https:\/\/agstudio.al\/sq\/faqe-interneti\/\"><i class=\"icon-browser\" style=\"\"><\/i><\/a><h4>FAQE INTERNETI<\/h4><p>Faqe Interneti nga me te ndryshmet<\/p><a class=\"magicmore\" href=\"https:\/\/agstudio.al\/sq\/faqe-interneti\/\">Me shume<\/a><\/article>[\/vc_column_inner][vc_column_inner width=&#8221;1\/4&#8243; offset=&#8221;vc_col-lg-3 vc_col-md-6&#8243;]<article class=\"icon-box2\" ><a href=\"https:\/\/agstudio.al\/sq\/studio-grafike\/\"><i class=\"icon-pencil\" style=\"\"><\/i><\/a><h4>STUDIO GRAFIKE<\/h4><p>Ofrojme punime profesionale dhe me kualitet<\/p><a class=\"magicmore\" href=\"https:\/\/agstudio.al\/sq\/studio-grafike\/\">Me shume<\/a><\/article>[\/vc_column_inner][vc_column_inner width=&#8221;1\/4&#8243;]<article class=\"icon-box2\" ><a href=\"https:\/\/agstudio.al\/sq\/hosting-service\/\"><i class=\"icon-global\" style=\"\"><\/i><\/a><h4>DOMAIN &amp; HOST<\/h4><p>Regjistrim Domain &amp; Web Hosting nese serverat tani<\/p><a class=\"magicmore\" href=\"https:\/\/agstudio.al\/sq\/hosting-service\/\">Me shume<\/a><\/article>[\/vc_column_inner][\/vc_row_inner][vc_row_inner equal_height=&#8221;yes&#8221;][vc_column_inner width=&#8221;1\/4&#8243; offset=&#8221;vc_col-lg-3 vc_col-md-6&#8243;]<article class=\"icon-box2\" ><a href=\"https:\/\/agstudio.al\/sq\/category\/seo-optimizimi\/\"><i class=\"icon-presentation\" style=\"\"><\/i><\/a><h4>SEO<\/h4><p>Optimizimi i motor\u00ebve t\u00eb k\u00ebrkimit per faqen tuaj<\/p><a class=\"magicmore\" href=\"https:\/\/agstudio.al\/sq\/category\/seo-optimizimi\/\">Me shume<\/a><\/article>[\/vc_column_inner][vc_column_inner width=&#8221;1\/4&#8243; offset=&#8221;vc_col-lg-3 vc_col-md-6&#8243;]<article class=\"icon-box2\" ><a href=\"https:\/\/agstudio.al\/sq\/print-shtyp\/\"><i class=\"icon-printer\" style=\"\"><\/i><\/a><h4>PRINT \/ SHTYP<\/h4><p>Printime dhe shtypshkrime nga me te ndryshmet<\/p><a class=\"magicmore\" href=\"https:\/\/agstudio.al\/sq\/print-shtyp\/\">Me shume<\/a><\/article>[\/vc_column_inner][vc_column_inner width=&#8221;1\/4&#8243; offset=&#8221;vc_col-lg-3 vc_col-md-6&#8243;]<article class=\"icon-box2\" ><a href=\"https:\/\/agstudio.al\/sq\/faqe-dhe-profile-ne-rrjete-te-tjera-sociale\/\"><i class=\"sl-social-facebook\" style=\"\"><\/i><\/a><h4>SOCIAL MEDIA<\/h4><p>Social Media Marketing i referohet procesit te perfitimit te trafikut ne website<\/p><a class=\"magicmore\" href=\"https:\/\/agstudio.al\/sq\/faqe-dhe-profile-ne-rrjete-te-tjera-sociale\/\">Me shume<\/a><\/article>[\/vc_column_inner][vc_column_inner width=&#8221;1\/4&#8243;]<article class=\"icon-box2\" ><a href=\"#\"><i class=\"icon-camera\" style=\"\"><\/i><\/a><h4>MULTIMEDIA<\/h4><p>Klipe te ndryshme, Reklama televizive, foto profesionale<\/p><a class=\"magicmore\" href=\"#\">Me shume<\/a><\/article>[\/vc_column_inner][\/vc_row_inner]<hr class=\"vertical-space3\">[\/vc_column][\/vc_row][vc_row][vc_column]\n\t<div class=\"max-title max-title5\">\n\t\t<h1>NDERTOJME WEBSITE <strong>DYQAN ONLINE<\/strong><\/h2>\n\t<\/div>[vc_single_image image=&#8221;14088&#8243; img_size=&#8221;full&#8221; alignment=&#8221;center&#8221; onclick=&#8221;custom_link&#8221; link=&#8221;https:\/\/agstudio.al\/sq\/faqe-interneti-dyqan-online\/&#8221;][\/vc_column][\/vc_row][vc_row][vc_column]<hr class=\"vertical-space5\">\n\t<div class=\"max-title max-title5\">\n\t\t<h1>Biznesi i juaj <strong>i suksessh\u00ebm me ne<\/strong><\/h2>\n\t<\/div>[\/vc_column][\/vc_row][vc_row][vc_column width=&#8221;2\/12&#8243;][\/vc_column][vc_column width=&#8221;4\/12&#8243;]<hr class=\"vertical-space5\"><hr class=\"vertical-space1\">[vc_column_text]<\/p>\n<h2>\u00c7far\u00eb na B\u00ebn t\u00eb Ndrysh\u00ebm<\/h2>\n<p>Ne nuk ofrojm\u00eb vet\u00ebm sh\u00ebrbime t\u00eb marketingut SEO dhe Faqe Interneti, por ne gjithashtu ofrojm\u00eb nj\u00eb rrjet t\u00eb gjer\u00eb sh\u00ebrbimesh t\u00eb lidhura si: dizajnimi, SEO, faqe internetit, sherbim hosting, domain.al, auditimet ne internetit, optimization media sociale, branding dhe disa t\u00eb tjer\u00eb.[\/vc_column_text]<hr class=\"vertical-space5\">[\/vc_column][vc_column width=&#8221;6\/12&#8243;][vc_single_image image=&#8221;8830&#8243; img_size=&#8221;full&#8221;]<hr class=\"vertical-space1\">[\/vc_column][\/vc_row][vc_row][vc_column width=&#8221;6\/12&#8243;]<hr class=\"vertical-space2\">[vc_single_image image=&#8221;13106&#8243; img_size=&#8221;full&#8221;]<hr class=\"vertical-space1\">[\/vc_column][vc_column width=&#8221;4\/12&#8243;]<hr class=\"vertical-space5\">[vc_column_text]<\/p>\n<h2>Rritje ne<br \/>\nTrafik organik.<\/h2>\n<p>Ne do t&#8217;ju ofrojm\u00eb raport t\u00eb plot\u00eb analitik p\u00ebr pranin\u00eb tuaj n\u00eb internet n\u00eb nj\u00eb format t\u00eb leht\u00eb p\u00ebr t&#8217;u kuptuar, n\u00eb m\u00ebnyr\u00eb q\u00eb t\u00eb merrni vendime t\u00eb drejta pasi t\u00eb kuptoni pozicionin tuaj aktual n\u00eb internet.[\/vc_column_text]<hr class=\"vertical-space5\"><hr class=\"vertical-space2\">[\/vc_column][vc_column width=&#8221;2\/12&#8243;][\/vc_column][\/vc_row][vc_row][vc_column]<hr class=\"vertical-space2\">[\/vc_column][\/vc_row][vc_row row_type=&#8221;2&#8243; blox_bgcolor=&#8221;#f9f9f9&#8243;][vc_column]<hr class=\"vertical-space5\">\n\t<div class=\"max-title max-title5\">\n\t\t<h1>HAPAT DREJT <strong>SUKSESIT<\/strong><\/h2>\n\t<\/div><hr class=\"vertical-space1\"><div class=\"our-process-wrap\">\n\t\t\t\t<div class=\"our-process-item \">\n\t\t\t\t\t<i class=\"fa fa-pencil\"><\/i>\n\t\t\t\t\t<h4><strong>HAPI<\/strong> I PAR\u00cb<\/h4>\n\t\t\t\t\t<p>Ideimi i dizenjimit dhe realizimi t\u00eb logos, kart\u00ebvizit\u00ebs, leter\u00ebs me koke, q\u00eb m\u00eb me besnikeri shprehin indentitetin e kompanise tuaj.<\/p>\n\t\t\t\t<\/div>\n\t\t\t\t<div class=\"our-process-item \">\n\t\t\t\t\t<i class=\"fa fa-desktop\"><\/i>\n\t\t\t\t\t<h4><strong>HAPI<\/strong> IDYTE<\/h4>\n\t\t\t\t\t<p>Krijimin e faqes tuaj te internetit. Faqja krijohet me nje dizenjim nga fillimi dhe me pas hyn ne procesin e programimit<\/p>\n\t\t\t\t<\/div>\n\t\t\t\t<div class=\"our-process-item \">\n\t\t\t\t\t<i class=\"fa fa-print\"><\/i>\n\t\t\t\t\t<h4><strong>HAPI<\/strong> I TRETE<\/h4>\n\t\t\t\t\t<p>Printimi dhe shtypja materialet me cilesi te larte teknologjike. Broshura, Fletepalosje, Flyer, Poster, Kalendar, Kartevizita, Revista, etj.<\/p>\n\t\t\t\t<\/div>\n\t\t\t\t<div class=\"our-process-item \">\n\t\t\t\t\t<i class=\"fa fa-bar-chart\"><\/i>\n\t\t\t\t\t<h4><strong>HAPI<\/strong> I KAT\u00cbRT<\/h4>\n\t\t\t\t\t<p>Per nje marketing me te suksesshem ofrojme edhe Reklama Televizive per klientet tane qe marketingu te jete i plote dhe efikas.<\/p>\n\t\t\t\t<\/div><\/div><hr class=\"vertical-space4\"><hr class=\"vertical-space4\">[\/vc_column][\/vc_row][vc_row][vc_column]\n\t<div class=\"max-title max-title5\">\n\t\t<h1>SUPPORT <strong>ONLINE<\/strong><\/h2>\n\t<\/div>[\/vc_column][\/vc_row][vc_row][vc_column width=&#8221;1\/2&#8243;]<article class=\"icon-box9\" ><a href=\"https:\/\/agstudiohost.com\/submitticket.php\"><i class=\"icon-pricetags\" style=\"\"><\/i><\/a><h4>Support Online 24\/7<\/h4><p>Per \u00e7do problem qe keni mund te hapni nje njoftim dhe ne do tju pergjigjemi sa me shpejt<\/p><a class=\"magicmore\" href=\"https:\/\/agstudiohost.com\/submitticket.php\">KLIKO KETU<\/a><\/article>[\/vc_column][vc_column width=&#8221;1\/2&#8243;]<article class=\"icon-box9\" ><a href=\"#\"><i class=\"sl-people\" style=\"\"><\/i><\/a><h4>Chat Online<\/h4><p>Per tju pergjigjur sa me shpejt ne ju ofrojme edhe chat online per te zgjidhur punet me urgjente<\/p><a class=\"magicmore\" href=\"#\">SHIKO NE FUND<\/a><\/article>[\/vc_column][\/vc_row][vc_row][vc_column]<hr class=\"vertical-space4\">\n\t<div class=\"max-title max-title5\">\n\t\t<h1>CFARE THONE <strong>KLIENTET PER NE<\/strong><\/h2>\n\t<\/div>[vc_raw_html css=&#8221;&#8221;]JTVCdHJ1c3RpbmRleCUyMG5vLXJlZ2lzdHJhdGlvbiUzRGdvb2dsZSU1RA==[\/vc_raw_html]<a href=\"https:\/\/g.page\/r\/CTjAhdlGg9w8EBM\/review\" class=\"button blue rounded medium bordered-bot \" target=\"_self\"><i class=\"fa-google-plus-square\"><\/i>Shkruaj nje Review nese te ka perlqyer sherbimi<\/a>[\/vc_column][\/vc_row][vc_row][vc_column]<hr class=\"vertical-space4\">\n\t<div class=\"max-title max-title5\">\n\t\t<h1>GALERIA <strong>E PUNEVE<\/strong><\/h2>\n\t<\/div>\n\t<section class=\"related-works\">\n\t\t<!-- subtitle -->\n\t\t<div class=\"portfolio-carousel-subtitle\">\n\t\t\t<h4 class=\"subtitle\">Punet ne Art Graphic Studio<\/h4>\n\t\t\t<!-- owl-carousel custom navigation -->\n\t\t\t<div class=\"latest-projects-navigation\">\n\t\t\t\t<a class=\"btn prev\"><i class=\"fa-angle-left\"><\/i><\/a>\n\t\t\t\t<a class=\"btn next\"><i class=\"fa-angle-right\"><\/i><\/a>\n\t\t\t<\/div>\n\t\t<\/div>\n\n\t\t<!-- latest-projects (owl-carousel) -->\n\t\t<ul id=\"latest-projects\" class=\"owl-carousel owl-theme\">\n\t\t\t\t\t\t\t<li class=\"portfolio-item\">\n\t\t\t\t\t<a><img loading=\"lazy\" decoding=\"async\" width=\"300\" height=\"200\" src=\"https:\/\/agstudio.al\/sq\/wp-content\/uploads\/2020\/05\/logo-mockup-diamond-300x200.jpg\" class=\"attachment-easyweb_webnus_thumb300x200 size-easyweb_webnus_thumb300x200 wp-post-image\" alt=\"\" srcset=\"https:\/\/agstudio.al\/sq\/wp-content\/uploads\/2020\/05\/logo-mockup-diamond-300x200.jpg 300w, https:\/\/agstudio.al\/sq\/wp-content\/uploads\/2020\/05\/logo-mockup-diamond-420x280.jpg 420w, https:\/\/agstudio.al\/sq\/wp-content\/uploads\/2020\/05\/logo-mockup-diamond-690x460.jpg 690w\" sizes=\"auto, (max-width: 300px) 100vw, 300px\" \/><\/a>\n\t\t\t\t\t<h5><a href=\"https:\/\/agstudio.al\/sq\/portfolio\/logo-diamondpainting\/\">LOGO DIAMONDPAINTING<\/a><\/h5>\n\t\t\t\t\t<div class=\"portfolio-meta\"><span class=\"portfolio-date\">12 May 2020<\/span><\/div>\n\t\t\t\t<\/li>\n\t\t\t\t\t\t\t<li class=\"portfolio-item\">\n\t\t\t\t\t<a><img loading=\"lazy\" decoding=\"async\" width=\"300\" height=\"200\" src=\"https:\/\/agstudio.al\/sq\/wp-content\/uploads\/2020\/05\/logo-mockup-ajo-300x200.jpg\" class=\"attachment-easyweb_webnus_thumb300x200 size-easyweb_webnus_thumb300x200 wp-post-image\" alt=\"\" srcset=\"https:\/\/agstudio.al\/sq\/wp-content\/uploads\/2020\/05\/logo-mockup-ajo-300x200.jpg 300w, https:\/\/agstudio.al\/sq\/wp-content\/uploads\/2020\/05\/logo-mockup-ajo-420x280.jpg 420w, https:\/\/agstudio.al\/sq\/wp-content\/uploads\/2020\/05\/logo-mockup-ajo-690x460.jpg 690w\" sizes=\"auto, (max-width: 300px) 100vw, 300px\" \/><\/a>\n\t\t\t\t\t<h5><a href=\"https:\/\/agstudio.al\/sq\/portfolio\/logo-ajo\/\">LOGO AJO<\/a><\/h5>\n\t\t\t\t\t<div class=\"portfolio-meta\"><span class=\"portfolio-date\">12 May 2020<\/span><\/div>\n\t\t\t\t<\/li>\n\t\t\t\t\t\t\t<li class=\"portfolio-item\">\n\t\t\t\t\t<a><img loading=\"lazy\" decoding=\"async\" width=\"300\" height=\"200\" src=\"https:\/\/agstudio.al\/sq\/wp-content\/uploads\/2020\/05\/logo-mockup-titans-300x200.jpg\" class=\"attachment-easyweb_webnus_thumb300x200 size-easyweb_webnus_thumb300x200 wp-post-image\" alt=\"\" srcset=\"https:\/\/agstudio.al\/sq\/wp-content\/uploads\/2020\/05\/logo-mockup-titans-300x200.jpg 300w, https:\/\/agstudio.al\/sq\/wp-content\/uploads\/2020\/05\/logo-mockup-titans-420x280.jpg 420w, https:\/\/agstudio.al\/sq\/wp-content\/uploads\/2020\/05\/logo-mockup-titans-690x460.jpg 690w\" sizes=\"auto, (max-width: 300px) 100vw, 300px\" \/><\/a>\n\t\t\t\t\t<h5><a href=\"https:\/\/agstudio.al\/sq\/portfolio\/logo-titans\/\">LOGO TITANS<\/a><\/h5>\n\t\t\t\t\t<div class=\"portfolio-meta\"><span class=\"portfolio-date\">12 May 2020<\/span><\/div>\n\t\t\t\t<\/li>\n\t\t\t\t\t\t\t<li class=\"portfolio-item\">\n\t\t\t\t\t<a><img loading=\"lazy\" decoding=\"async\" width=\"300\" height=\"200\" src=\"https:\/\/agstudio.al\/sq\/wp-content\/uploads\/2020\/05\/logo-mockup-agstudiohost-300x200.jpg\" class=\"attachment-easyweb_webnus_thumb300x200 size-easyweb_webnus_thumb300x200 wp-post-image\" alt=\"\" srcset=\"https:\/\/agstudio.al\/sq\/wp-content\/uploads\/2020\/05\/logo-mockup-agstudiohost-300x200.jpg 300w, https:\/\/agstudio.al\/sq\/wp-content\/uploads\/2020\/05\/logo-mockup-agstudiohost-420x280.jpg 420w, https:\/\/agstudio.al\/sq\/wp-content\/uploads\/2020\/05\/logo-mockup-agstudiohost-690x460.jpg 690w\" sizes=\"auto, (max-width: 300px) 100vw, 300px\" \/><\/a>\n\t\t\t\t\t<h5><a href=\"https:\/\/agstudio.al\/sq\/portfolio\/logo-agstudiohost\/\">LOGO AGSTUDIOHOST<\/a><\/h5>\n\t\t\t\t\t<div class=\"portfolio-meta\"><span class=\"portfolio-date\">12 May 2020<\/span><\/div>\n\t\t\t\t<\/li>\n\t\t\t\t\t\t\t<li class=\"portfolio-item\">\n\t\t\t\t\t<a><img loading=\"lazy\" decoding=\"async\" width=\"300\" height=\"200\" src=\"https:\/\/agstudio.al\/sq\/wp-content\/uploads\/2020\/05\/logo-mockup-graphic-300x200.jpg\" class=\"attachment-easyweb_webnus_thumb300x200 size-easyweb_webnus_thumb300x200 wp-post-image\" alt=\"\" srcset=\"https:\/\/agstudio.al\/sq\/wp-content\/uploads\/2020\/05\/logo-mockup-graphic-300x200.jpg 300w, https:\/\/agstudio.al\/sq\/wp-content\/uploads\/2020\/05\/logo-mockup-graphic-420x280.jpg 420w, https:\/\/agstudio.al\/sq\/wp-content\/uploads\/2020\/05\/logo-mockup-graphic-690x460.jpg 690w\" sizes=\"auto, (max-width: 300px) 100vw, 300px\" \/><\/a>\n\t\t\t\t\t<h5><a href=\"https:\/\/agstudio.al\/sq\/portfolio\/logo-graphic5\/\">LOGO GRAPHIC5<\/a><\/h5>\n\t\t\t\t\t<div class=\"portfolio-meta\"><span class=\"portfolio-date\">12 May 2020<\/span><\/div>\n\t\t\t\t<\/li>\n\t\t\t\t\t\t\t<li class=\"portfolio-item\">\n\t\t\t\t\t<a><img loading=\"lazy\" decoding=\"async\" width=\"300\" height=\"200\" src=\"https:\/\/agstudio.al\/sq\/wp-content\/uploads\/2020\/05\/logo-mockup-wise-300x200.jpg\" class=\"attachment-easyweb_webnus_thumb300x200 size-easyweb_webnus_thumb300x200 wp-post-image\" alt=\"\" srcset=\"https:\/\/agstudio.al\/sq\/wp-content\/uploads\/2020\/05\/logo-mockup-wise-300x200.jpg 300w, https:\/\/agstudio.al\/sq\/wp-content\/uploads\/2020\/05\/logo-mockup-wise-420x280.jpg 420w, https:\/\/agstudio.al\/sq\/wp-content\/uploads\/2020\/05\/logo-mockup-wise-690x460.jpg 690w\" sizes=\"auto, (max-width: 300px) 100vw, 300px\" \/><\/a>\n\t\t\t\t\t<h5><a href=\"https:\/\/agstudio.al\/sq\/portfolio\/logo-wise-travel-agency\/\">LOGO WISE TRAVEL AGENCY<\/a><\/h5>\n\t\t\t\t\t<div class=\"portfolio-meta\"><span class=\"portfolio-date\">12 May 2020<\/span><\/div>\n\t\t\t\t<\/li>\n\t\t\t\t\t\t\t<li class=\"portfolio-item\">\n\t\t\t\t\t<a><img loading=\"lazy\" decoding=\"async\" width=\"300\" height=\"200\" src=\"https:\/\/agstudio.al\/sq\/wp-content\/uploads\/2020\/05\/logo-mockup-stampbooks-300x200.jpg\" class=\"attachment-easyweb_webnus_thumb300x200 size-easyweb_webnus_thumb300x200 wp-post-image\" alt=\"\" srcset=\"https:\/\/agstudio.al\/sq\/wp-content\/uploads\/2020\/05\/logo-mockup-stampbooks-300x200.jpg 300w, https:\/\/agstudio.al\/sq\/wp-content\/uploads\/2020\/05\/logo-mockup-stampbooks-420x280.jpg 420w, https:\/\/agstudio.al\/sq\/wp-content\/uploads\/2020\/05\/logo-mockup-stampbooks-690x460.jpg 690w\" sizes=\"auto, (max-width: 300px) 100vw, 300px\" \/><\/a>\n\t\t\t\t\t<h5><a href=\"https:\/\/agstudio.al\/sq\/portfolio\/logo-albanian-stampbooks\/\">LOGO ALBANIAN STAMPBOOKS<\/a><\/h5>\n\t\t\t\t\t<div class=\"portfolio-meta\"><span class=\"portfolio-date\">12 May 2020<\/span><\/div>\n\t\t\t\t<\/li>\n\t\t\t\t\t\t\t<li class=\"portfolio-item\">\n\t\t\t\t\t<a><img loading=\"lazy\" decoding=\"async\" width=\"300\" height=\"200\" src=\"https:\/\/agstudio.al\/sq\/wp-content\/uploads\/2020\/05\/logo-mockup-skagjum-300x200.jpg\" class=\"attachment-easyweb_webnus_thumb300x200 size-easyweb_webnus_thumb300x200 wp-post-image\" alt=\"\" srcset=\"https:\/\/agstudio.al\/sq\/wp-content\/uploads\/2020\/05\/logo-mockup-skagjum-300x200.jpg 300w, https:\/\/agstudio.al\/sq\/wp-content\/uploads\/2020\/05\/logo-mockup-skagjum-420x280.jpg 420w, https:\/\/agstudio.al\/sq\/wp-content\/uploads\/2020\/05\/logo-mockup-skagjum-690x460.jpg 690w\" sizes=\"auto, (max-width: 300px) 100vw, 300px\" \/><\/a>\n\t\t\t\t\t<h5><a href=\"https:\/\/agstudio.al\/sq\/portfolio\/logo-skagjum\/\">LOGO SKAGJUM<\/a><\/h5>\n\t\t\t\t\t<div class=\"portfolio-meta\"><span class=\"portfolio-date\">12 May 2020<\/span><\/div>\n\t\t\t\t<\/li>\n\t\t\t\t\t\t\t<li class=\"portfolio-item\">\n\t\t\t\t\t<a><img loading=\"lazy\" decoding=\"async\" width=\"300\" height=\"200\" src=\"https:\/\/agstudio.al\/sq\/wp-content\/uploads\/2019\/04\/broshure-forumi-web-300x200.jpg\" class=\"attachment-easyweb_webnus_thumb300x200 size-easyweb_webnus_thumb300x200 wp-post-image\" alt=\"\" srcset=\"https:\/\/agstudio.al\/sq\/wp-content\/uploads\/2019\/04\/broshure-forumi-web-300x200.jpg 300w, https:\/\/agstudio.al\/sq\/wp-content\/uploads\/2019\/04\/broshure-forumi-web-768x512.jpg 768w, https:\/\/agstudio.al\/sq\/wp-content\/uploads\/2019\/04\/broshure-forumi-web-1024x683.jpg 1024w, https:\/\/agstudio.al\/sq\/wp-content\/uploads\/2019\/04\/broshure-forumi-web-450x300.jpg 450w, https:\/\/agstudio.al\/sq\/wp-content\/uploads\/2019\/04\/broshure-forumi-web-500x333.jpg 500w, https:\/\/agstudio.al\/sq\/wp-content\/uploads\/2019\/04\/broshure-forumi-web-420x280.jpg 420w, https:\/\/agstudio.al\/sq\/wp-content\/uploads\/2019\/04\/broshure-forumi-web-690x460.jpg 690w, https:\/\/agstudio.al\/sq\/wp-content\/uploads\/2019\/04\/broshure-forumi-web-600x400.jpg 600w, https:\/\/agstudio.al\/sq\/wp-content\/uploads\/2019\/04\/broshure-forumi-web.jpg 1920w\" sizes=\"auto, (max-width: 300px) 100vw, 300px\" \/><\/a>\n\t\t\t\t\t<h5><a href=\"https:\/\/agstudio.al\/sq\/portfolio\/forumi-shqiptar-i-udheheqesise\/\">FORUMI SHQIPTAR I UDH\u00cbHEQ\u00cbSIS\u00cb<\/a><\/h5>\n\t\t\t\t\t<div class=\"portfolio-meta\"><span class=\"portfolio-date\">30 April 2019<\/span><\/div>\n\t\t\t\t<\/li>\n\t\t\t\t\t\t\t<li class=\"portfolio-item\">\n\t\t\t\t\t<a><img loading=\"lazy\" decoding=\"async\" width=\"300\" height=\"200\" src=\"https:\/\/agstudio.al\/sq\/wp-content\/uploads\/2019\/04\/web-agstudio.al-arkeologjia-ne-pullat-shqiptare-300x200.jpg\" class=\"attachment-easyweb_webnus_thumb300x200 size-easyweb_webnus_thumb300x200 wp-post-image\" alt=\"\" srcset=\"https:\/\/agstudio.al\/sq\/wp-content\/uploads\/2019\/04\/web-agstudio.al-arkeologjia-ne-pullat-shqiptare-300x200.jpg 300w, https:\/\/agstudio.al\/sq\/wp-content\/uploads\/2019\/04\/web-agstudio.al-arkeologjia-ne-pullat-shqiptare-420x280.jpg 420w, https:\/\/agstudio.al\/sq\/wp-content\/uploads\/2019\/04\/web-agstudio.al-arkeologjia-ne-pullat-shqiptare-690x460.jpg 690w\" sizes=\"auto, (max-width: 300px) 100vw, 300px\" \/><\/a>\n\t\t\t\t\t<h5><a href=\"https:\/\/agstudio.al\/sq\/portfolio\/arkeologjia-ne-pullat-shqiptare\/\">ARKEOLOGJIA N\u00cb PULLAT SHQIPTARE<\/a><\/h5>\n\t\t\t\t\t<div class=\"portfolio-meta\"><span class=\"portfolio-date\">26 April 2019<\/span><\/div>\n\t\t\t\t<\/li>\n\t\t\t\t\t<\/ul> <!-- end latest-projects -->\n\t<\/section> <!-- end related-works -->\t\n\t[\/vc_column][\/vc_row]<\/p>\n<\/div>","protected":false},"excerpt":{"rendered":"<p>[vc_row row_type=&#8221;1&#8243;][vc_column][vc_raw_html]JTVCbGF5ZXJzbGlkZXIlMjBpZCUzRCUyMjMlMjIlNUQ=[\/vc_raw_html][\/vc_column][\/vc_row][vc_row][vc_column css=&#8221;.vc_custom_1453205357165{padding-top: 5px !important;padding-bottom: 5px !important;}&#8221;][vc_column_text] AGStudio.al \u00ebsht\u00eb nj\u00eb studio e lindur nga deshira p\u00ebr t\u00eb sjell n\u00eb tregun e ri shqiptar eksperiencen tone n\u00eb fush\u00ebn e krijimit.\u00a0P\u00ebrvoja jon\u00eb n\u00eb k\u00ebt\u00eb fush\u00eb dhe bashk\u00ebpunimi me ju, ju garanton nj\u00eb stil dallues dhe t\u00eb vecant\u00eb p\u00ebr mark\u00ebn e biznesit tuaj [\/vc_column_text][vc_row_inner equal_height=&#8221;yes&#8221;][vc_column_inner width=&#8221;1\/4&#8243; offset=&#8221;vc_col-lg-3 vc_col-md-6&#8243;][\/vc_column_inner][vc_column_inner width=&#8221;1\/4&#8243; offset=&#8221;vc_col-lg-3 vc_col-md-6&#8243;][\/vc_column_inner][vc_column_inner width=&#8221;1\/4&#8243; offset=&#8221;vc_col-lg-3 vc_col-md-6&#8243;][\/vc_column_inner][vc_column_inner width=&#8221;1\/4&#8243;][\/vc_column_inner][\/vc_row_inner][vc_row_inner equal_height=&#8221;yes&#8221;][vc_column_inner width=&#8221;1\/4&#8243; offset=&#8221;vc_col-lg-3 vc_col-md-6&#8243;][\/vc_column_inner][vc_column_inner width=&#8221;1\/4&#8243; offset=&#8221;vc_col-lg-3 vc_col-md-6&#8243;][\/vc_column_inner][vc_column_inner width=&#8221;1\/4&#8243; offset=&#8221;vc_col-lg-3 vc_col-md-6&#8243;][\/vc_column_inner][vc_column_inner width=&#8221;1\/4&#8243;][\/vc_column_inner][\/vc_row_inner][\/vc_column][\/vc_row][vc_row][vc_column][vc_single_image image=&#8221;14088&#8243; img_size=&#8221;full&#8221; alignment=&#8221;center&#8221; onclick=&#8221;custom_link&#8221; link=&#8221;https:\/\/agstudio.al\/sq\/faqe-interneti-dyqan-online\/&#8221;][\/vc_column][\/vc_row][vc_row][vc_column][\/vc_column][\/vc_row][vc_row][vc_column width=&#8221;2\/12&#8243;][\/vc_column][vc_column width=&#8221;4\/12&#8243;][vc_column_text] \u00c7far\u00eb na B\u00ebn t\u00eb Ndrysh\u00ebm Ne nuk ofrojm\u00eb vet\u00ebm sh\u00ebrbime t\u00eb marketingut SEO dhe Faqe Interneti, por ne gjithashtu ofrojm\u00eb nj\u00eb rrjet t\u00eb gjer\u00eb sh\u00ebrbimesh t\u00eb lidhura si: dizajnimi, SEO, faqe internetit, sherbim hosting, domain.al, auditimet ne internetit, optimization media sociale, branding dhe disa t\u00eb tjer\u00eb.[\/vc_column_text][\/vc_column][vc_column width=&#8221;6\/12&#8243;][vc_single_image image=&#8221;8830&#8243; img_size=&#8221;full&#8221;][\/vc_column][\/vc_row][vc_row][vc_column width=&#8221;6\/12&#8243;][vc_single_image image=&#8221;13106&#8243; img_size=&#8221;full&#8221;][\/vc_column][vc_column width=&#8221;4\/12&#8243;][vc_column_text] Rritje ne Trafik organik. Ne do t&#8217;ju ofrojm\u00eb raport t\u00eb plot\u00eb analitik p\u00ebr pranin\u00eb tuaj n\u00eb internet n\u00eb nj\u00eb format t\u00eb leht\u00eb p\u00ebr t&#8217;u kuptuar, n\u00eb m\u00ebnyr\u00eb q\u00eb t\u00eb merrni vendime t\u00eb drejta pasi t\u00eb kuptoni pozicionin tuaj aktual n\u00eb internet.[\/vc_column_text][\/vc_column][vc_column width=&#8221;2\/12&#8243;][\/vc_column][\/vc_row][vc_row][vc_column][\/vc_column][\/vc_row][vc_row row_type=&#8221;2&#8243; blox_bgcolor=&#8221;#f9f9f9&#8243;][vc_column][\/vc_column][\/vc_row][vc_row][vc_column][\/vc_column][\/vc_row][vc_row][vc_column width=&#8221;1\/2&#8243;][\/vc_column][vc_column width=&#8221;1\/2&#8243;][\/vc_column][\/vc_row][vc_row][vc_column][vc_raw_html css=&#8221;&#8221;]JTVCdHJ1c3RpbmRleCUyMG5vLXJlZ2lzdHJhdGlvbiUzRGdvb2dsZSU1RA==[\/vc_raw_html][\/vc_column][\/vc_row][vc_row][vc_column][\/vc_column][\/vc_row]<\/p>\n","protected":false},"author":1,"featured_media":13700,"parent":0,"menu_order":0,"comment_status":"closed","ping_status":"closed","template":"","meta":{"_seopress_robots_primary_cat":"","_seopress_titles_title":"Art Graphic Studio | AGSTUDIO.AL","_seopress_titles_desc":"AGStudio.al \u00ebsht\u00eb nj\u00eb studio grafike ne tirane qe meret me faqe interneti, punime grafike, sheribime hostime, printime kartevizita, postera, etj","_seopress_robots_index":"","_seopress_analysis_target_kw":"agstudio.al art graphic studio botime kartevizita web design faqe internet,website,faqe interneti,studio grafike,studio grafike ne tirane,kartevizita,modele kartvizita,sheribime hostime,printime kartevizita","footnotes":""},"class_list":["post-13","page","type-page","status-publish","has-post-thumbnail","hentry"],"_links":{"self":[{"href":"https:\/\/agstudio.al\/sq\/wp-json\/wp\/v2\/pages\/13","targetHints":{"allow":["GET"]}}],"collection":[{"href":"https:\/\/agstudio.al\/sq\/wp-json\/wp\/v2\/pages"}],"about":[{"href":"https:\/\/agstudio.al\/sq\/wp-json\/wp\/v2\/types\/page"}],"author":[{"embeddable":true,"href":"https:\/\/agstudio.al\/sq\/wp-json\/wp\/v2\/users\/1"}],"replies":[{"embeddable":true,"href":"https:\/\/agstudio.al\/sq\/wp-json\/wp\/v2\/comments?post=13"}],"version-history":[{"count":5,"href":"https:\/\/agstudio.al\/sq\/wp-json\/wp\/v2\/pages\/13\/revisions"}],"predecessor-version":[{"id":14646,"href":"https:\/\/agstudio.al\/sq\/wp-json\/wp\/v2\/pages\/13\/revisions\/14646"}],"wp:featuredmedia":[{"embeddable":true,"href":"https:\/\/agstudio.al\/sq\/wp-json\/wp\/v2\/media\/13700"}],"wp:attachment":[{"href":"https:\/\/agstudio.al\/sq\/wp-json\/wp\/v2\/media?parent=13"}],"curies":[{"name":"wp","href":"https:\/\/api.w.org\/{rel}","templated":true}]}}