{"id":13060,"date":"2017-09-03T21:38:56","date_gmt":"2017-09-03T21:38:56","guid":{"rendered":"https:\/\/agstudio.al\/sq\/?page_id=13060"},"modified":"2023-11-23T01:06:04","modified_gmt":"2023-11-22T23:06:04","slug":"studio-grafike","status":"publish","type":"page","link":"https:\/\/agstudio.al\/sq\/studio-grafike\/","title":{"rendered":"Studio Grafike | Krijimi i Identitetit Vizual t\u00eb Suksessh\u00ebm"},"content":{"rendered":"<div class=\"wpb-content-wrapper\"><p>[vc_row row_type=&#8221;2&#8243; page_title=&#8221;page-title-x&#8221; blox_padding_top=&#8221;50&#8243; blox_padding_bottom=&#8221;50&#8243; blox_bgcolor=&#8221;#f7f7f7&#8243;][vc_column width=&#8221;7\/12&#8243;]<hr class=\"vertical-space5\">[vc_column_text]<\/p>\n<h2>Studioja jon\u00eb grafike ofron nj\u00eb gam\u00eb t\u00eb gjer\u00eb sh\u00ebrbimesh profesionale n\u00eb fush\u00ebn e dizajnit grafik.<\/h2>\n<ul>\n<li><strong>Logo<\/strong>:\n<ul>\n<li>Ne ofrojm\u00eb krijimin e logo-ve unike dhe t\u00eb personalizuara q\u00eb pasqyrojn\u00eb identitetin dhe vlerat e mark\u00ebs suaj. P\u00ebrqendrimi yn\u00eb \u00ebsht\u00eb n\u00eb krijimin e logo-ve q\u00eb jan\u00eb jo vet\u00ebm t\u00ebrheq\u00ebse vizualisht, por edhe t\u00eb kujdesshme n\u00eb p\u00ebrcjelljen e mesazhit t\u00eb duhur.<\/li>\n<\/ul>\n<\/li>\n<li><strong>Broshura<\/strong>:\n<ul>\n<li>Studioja jon\u00eb harton broshura t\u00eb cilat kombinojn\u00eb estetik\u00ebn me funksionalitetin. Ne sigurojm\u00eb q\u00eb \u00e7do broshur\u00eb t\u00eb jet\u00eb e pasur me informacion, e leht\u00eb p\u00ebr tu lexuar, dhe t\u00eb ket\u00eb nj\u00eb dizajn q\u00eb t\u00ebrheq v\u00ebmendjen, duke u b\u00ebr\u00eb nj\u00eb mjet efektiv p\u00ebr komunikimin me klient\u00ebt tuaj.<\/li>\n<\/ul>\n<\/li>\n<li><strong>Fletepalosje<\/strong>:\n<ul>\n<li>Ne krijojm\u00eb fletepalosje q\u00eb jan\u00eb ideale p\u00ebr promovime dhe evente t\u00eb ndryshme. Me nj\u00eb fokus n\u00eb mesazhin qendror dhe nj\u00eb dizajn q\u00eb kap v\u00ebmendjen, fletepalosjet tona sigurojn\u00eb nj\u00eb m\u00ebnyr\u00eb t\u00eb shk\u00eblqyer p\u00ebr t\u00eb transmetuar informacione t\u00eb shkurtra por t\u00eb r\u00ebnd\u00ebsishme.<\/li>\n<\/ul>\n<\/li>\n<li><strong>Kalendar<\/strong>:\n<ul>\n<li>Kalendar\u00ebt e prodhuar nga studioja jon\u00eb jan\u00eb m\u00eb shum\u00eb se thjesht mjet\u00eb organizimi kohor; ata jan\u00eb vepra arti q\u00eb mund t\u00eb sh\u00ebrbejn\u00eb si mjet marketingu gjat\u00eb gjith\u00eb vitit. Ne krijojm\u00eb kalendar\u00eb q\u00eb jan\u00eb jo vet\u00ebm praktik\u00eb, por gjithashtu pasqyrojn\u00eb estetik\u00ebn e mark\u00ebs suaj.<\/li>\n<\/ul>\n<\/li>\n<li><strong>Grafika p\u00ebr Rrjete Sociale<\/strong>:\n<ul>\n<li>N\u00eb bot\u00ebn dixhitale t\u00eb sotme, grafikat p\u00ebr rrjete sociale jan\u00eb thelb\u00ebsore p\u00ebr t\u00eb t\u00ebrhequr dhe mbajtur v\u00ebmendjen e audienc\u00ebs. Studioja jon\u00eb specializohet n\u00eb krijimin e grafikave vizuale q\u00eb rrisin angazhimin n\u00eb platformat si Facebook, Instagram, LinkedIn, etj., duke ndihmuar n\u00eb rritjen e ndikimit t\u00eb mark\u00ebs tuaj n\u00eb rrjetet sociale.<\/li>\n<\/ul>\n<\/li>\n<\/ul>\n<p>[\/vc_column_text][\/vc_column][vc_column width=&#8221;5\/12&#8243;][vc_single_image image=&#8221;13179&#8243; img_size=&#8221;full&#8221; alignment=&#8221;right&#8221; css_animation=&#8221;bottom-to-top&#8221;]<hr class=\"vertical-space5\">[\/vc_column][\/vc_row][vc_row][vc_column]<hr class=\"vertical-space5\">\n\t<div class=\"subtitle-element subtitle-element1\">\n\t\t<h4>Agstudio.al ofron dizenjim profesional p\u00ebr t\u00eb gjithe gam\u00ebn e produkteve reklamuese si:<\/h4>\n\t<\/div>[\/vc_column][\/vc_row][vc_row][vc_column width=&#8221;1\/4&#8243;]<article class=\"icon-box7\" ><i class=\"icon-pencil\" style=\"\"><\/i><h4>LOGO<\/h4><\/article>[\/vc_column][vc_column width=&#8221;1\/4&#8243;]<article class=\"icon-box7\" ><i class=\"fa-file-picture-o\" style=\"\"><\/i><h4>FLYER<\/h4><\/article>[\/vc_column][vc_column width=&#8221;1\/4&#8243;]<article class=\"icon-box7\" ><i class=\"sl-book-open\" style=\"\"><\/i><h4>BROSHURA<\/h4><\/article>[\/vc_column][vc_column width=&#8221;1\/4&#8243;]<article class=\"icon-box7\" ><i class=\"sl-credit-card\" style=\"\"><\/i><h4>KARTEVIZITA<\/h4><\/article>[\/vc_column][\/vc_row][vc_row][vc_column width=&#8221;1\/4&#8243;]<article class=\"icon-box7\" ><i class=\"icon-book-open\" style=\"\"><\/i><h4>GAZETA<\/h4><\/article>[\/vc_column][vc_column width=&#8221;1\/4&#8243;]<article class=\"icon-box7\" ><i class=\"fa-at\" style=\"\"><\/i><h4>EMAIL TEMPLATE<\/h4><\/article>[\/vc_column][vc_column width=&#8221;1\/4&#8243;]<article class=\"icon-box7\" ><i class=\"icon-video\" style=\"\"><\/i><h4>MULTIMEDIA<\/h4><\/article>[\/vc_column][vc_column width=&#8221;1\/4&#8243;]<article class=\"icon-box7\" ><i class=\"icon-camera\" style=\"\"><\/i><h4>FOTOGRAFI<\/h4><\/article>[\/vc_column][\/vc_row][vc_row][vc_column]\n\t<div class=\"subtitle-element subtitle-element1\">\n\t\t<h4>PRINTIME &amp; SHTYPSHKRIME<\/h4>\n\t<\/div>[vc_single_image image=&#8221;13189&#8243; img_size=&#8221;full&#8221; alignment=&#8221;center&#8221; css_animation=&#8221;bottom-to-top&#8221;][\/vc_column][\/vc_row][vc_row css_animation=&#8221;none&#8221;][vc_column]<hr class=\"vertical-space5\">[vc_column_text]<\/p>\n<h4><strong>#Libra, #Revista, #Broshura, #Katalogje, #Logo, #Kart\u00ebvizita, #Flyers, #Fletepalosje, #Axhenda vjetore, #Blloqe, #Newsletter-s, #Ftesa, #Kartolina, #Kalendar\u00eb tavoline dhe muri, #Dosje prezantuese, #Postera,\u00a0#In door dhe #outdoor #Banners, #Stickers, #etiketa, #Paketime kartoni, #\u00c7anta, #Kuti etj.<\/strong><\/h4>\n<p>[\/vc_column_text][\/vc_column][\/vc_row]<\/p>\n<\/div>","protected":false},"excerpt":{"rendered":"<p>[vc_row row_type=&#8221;2&#8243; page_title=&#8221;page-title-x&#8221; blox_padding_top=&#8221;50&#8243; blox_padding_bottom=&#8221;50&#8243; blox_bgcolor=&#8221;#f7f7f7&#8243;][vc_column width=&#8221;7\/12&#8243;][vc_column_text] Studioja jon\u00eb grafike ofron nj\u00eb gam\u00eb t\u00eb gjer\u00eb sh\u00ebrbimesh profesionale n\u00eb fush\u00ebn e dizajnit grafik. Logo: Ne ofrojm\u00eb krijimin e logo-ve unike dhe t\u00eb personalizuara q\u00eb pasqyrojn\u00eb identitetin dhe vlerat e mark\u00ebs suaj. P\u00ebrqendrimi yn\u00eb \u00ebsht\u00eb n\u00eb krijimin e logo-ve q\u00eb jan\u00eb jo vet\u00ebm t\u00ebrheq\u00ebse vizualisht, por edhe t\u00eb kujdesshme n\u00eb p\u00ebrcjelljen e mesazhit t\u00eb duhur. Broshura: Studioja jon\u00eb harton broshura t\u00eb cilat kombinojn\u00eb estetik\u00ebn me funksionalitetin. Ne sigurojm\u00eb q\u00eb \u00e7do broshur\u00eb t\u00eb jet\u00eb e pasur me informacion, e leht\u00eb p\u00ebr tu lexuar, dhe t\u00eb ket\u00eb nj\u00eb dizajn q\u00eb t\u00ebrheq v\u00ebmendjen, duke u b\u00ebr\u00eb nj\u00eb mjet efektiv p\u00ebr komunikimin me klient\u00ebt tuaj. Fletepalosje: Ne krijojm\u00eb fletepalosje q\u00eb jan\u00eb ideale p\u00ebr promovime dhe evente t\u00eb ndryshme. Me nj\u00eb fokus n\u00eb mesazhin qendror dhe nj\u00eb dizajn q\u00eb kap v\u00ebmendjen, fletepalosjet tona sigurojn\u00eb nj\u00eb m\u00ebnyr\u00eb t\u00eb shk\u00eblqyer p\u00ebr t\u00eb transmetuar informacione t\u00eb shkurtra por t\u00eb r\u00ebnd\u00ebsishme. Kalendar: Kalendar\u00ebt e prodhuar nga studioja jon\u00eb jan\u00eb m\u00eb shum\u00eb se thjesht mjet\u00eb organizimi kohor; ata jan\u00eb vepra arti q\u00eb mund t\u00eb sh\u00ebrbejn\u00eb si mjet marketingu gjat\u00eb gjith\u00eb vitit. Ne krijojm\u00eb kalendar\u00eb q\u00eb jan\u00eb jo vet\u00ebm praktik\u00eb, por gjithashtu pasqyrojn\u00eb estetik\u00ebn e mark\u00ebs suaj. Grafika p\u00ebr Rrjete Sociale: N\u00eb bot\u00ebn dixhitale t\u00eb sotme, grafikat p\u00ebr rrjete sociale jan\u00eb thelb\u00ebsore p\u00ebr t\u00eb t\u00ebrhequr dhe mbajtur v\u00ebmendjen e audienc\u00ebs. Studioja jon\u00eb specializohet n\u00eb krijimin e grafikave vizuale q\u00eb rrisin angazhimin n\u00eb platformat si Facebook, Instagram, LinkedIn, etj., duke ndihmuar n\u00eb rritjen e ndikimit t\u00eb mark\u00ebs tuaj n\u00eb rrjetet sociale. [\/vc_column_text][\/vc_column][vc_column width=&#8221;5\/12&#8243;][vc_single_image image=&#8221;13179&#8243; img_size=&#8221;full&#8221; alignment=&#8221;right&#8221; css_animation=&#8221;bottom-to-top&#8221;][\/vc_column][\/vc_row][vc_row][vc_column][\/vc_column][\/vc_row][vc_row][vc_column width=&#8221;1\/4&#8243;][\/vc_column][vc_column width=&#8221;1\/4&#8243;][\/vc_column][vc_column width=&#8221;1\/4&#8243;][\/vc_column][vc_column width=&#8221;1\/4&#8243;][\/vc_column][\/vc_row][vc_row][vc_column width=&#8221;1\/4&#8243;][\/vc_column][vc_column width=&#8221;1\/4&#8243;][\/vc_column][vc_column width=&#8221;1\/4&#8243;][\/vc_column][vc_column width=&#8221;1\/4&#8243;][\/vc_column][\/vc_row][vc_row][vc_column][vc_single_image image=&#8221;13189&#8243; img_size=&#8221;full&#8221; alignment=&#8221;center&#8221; css_animation=&#8221;bottom-to-top&#8221;][\/vc_column][\/vc_row][vc_row css_animation=&#8221;none&#8221;][vc_column][vc_column_text] #Libra, #Revista, #Broshura, #Katalogje, #Logo, #Kart\u00ebvizita, #Flyers, #Fletepalosje, #Axhenda vjetore, #Blloqe, #Newsletter-s, #Ftesa, #Kartolina, #Kalendar\u00eb tavoline dhe muri, #Dosje prezantuese, #Postera,\u00a0#In door dhe #outdoor #Banners, #Stickers, #etiketa, #Paketime kartoni, #\u00c7anta, #Kuti etj. [\/vc_column_text][\/vc_column][\/vc_row]<\/p>\n","protected":false},"author":1,"featured_media":13179,"parent":0,"menu_order":0,"comment_status":"closed","ping_status":"closed","template":"","meta":{"_seopress_robots_primary_cat":"","_seopress_titles_title":"Studio Grafike | Krijimi i Identitetit Vizual t\u00eb Suksessh\u00ebm","_seopress_titles_desc":"&quot;Krijimi i Identitetit Vizual t\u00eb Suksessh\u00ebm: Logo, Broshura, Fletepalosje, Kalendar\u00eb dhe Grafika p\u00ebr Rrjete Sociale nga Studioja Jon\u00eb Grafike&quot;","_seopress_robots_index":"","_seopress_analysis_target_kw":"art grafik,broshura,printime,printime ne adeziv,flyer,fletpalosje,logo professional,shtypshkronja agstudio,kalendar\u00eb,Identiteti Vizual","footnotes":""},"class_list":["post-13060","page","type-page","status-publish","has-post-thumbnail","hentry"],"_links":{"self":[{"href":"https:\/\/agstudio.al\/sq\/wp-json\/wp\/v2\/pages\/13060","targetHints":{"allow":["GET"]}}],"collection":[{"href":"https:\/\/agstudio.al\/sq\/wp-json\/wp\/v2\/pages"}],"about":[{"href":"https:\/\/agstudio.al\/sq\/wp-json\/wp\/v2\/types\/page"}],"author":[{"embeddable":true,"href":"https:\/\/agstudio.al\/sq\/wp-json\/wp\/v2\/users\/1"}],"replies":[{"embeddable":true,"href":"https:\/\/agstudio.al\/sq\/wp-json\/wp\/v2\/comments?post=13060"}],"version-history":[{"count":0,"href":"https:\/\/agstudio.al\/sq\/wp-json\/wp\/v2\/pages\/13060\/revisions"}],"wp:featuredmedia":[{"embeddable":true,"href":"https:\/\/agstudio.al\/sq\/wp-json\/wp\/v2\/media\/13179"}],"wp:attachment":[{"href":"https:\/\/agstudio.al\/sq\/wp-json\/wp\/v2\/media?parent=13060"}],"curies":[{"name":"wp","href":"https:\/\/api.w.org\/{rel}","templated":true}]}}