{"id":13063,"date":"2017-09-03T21:39:57","date_gmt":"2017-09-03T21:39:57","guid":{"rendered":"https:\/\/agstudio.al\/sq\/?page_id=13063"},"modified":"2017-09-04T21:42:49","modified_gmt":"2017-09-04T21:42:49","slug":"shtepi-botuese","status":"publish","type":"page","link":"https:\/\/agstudio.al\/sq\/shtepi-botuese\/","title":{"rendered":"Shtepi Botuese"},"content":{"rendered":"<div class=\"wpb-content-wrapper\"><p>[vc_row row_type=&#8221;2&#8243; page_title=&#8221;page-title-x&#8221; blox_padding_top=&#8221;50&#8243; blox_padding_bottom=&#8221;50&#8243; blox_bgcolor=&#8221;#f7f7f7&#8243;][vc_column width=&#8221;7\/12&#8243;][vc_column_text]<\/p>\n<h1>Botime Librash<\/h1>\n<p><span id=\"u3042\" class=\"Tekst\">Sht\u00ebpia Botuese &#8220;AGStudio&#8221;<\/span><span class=\"Tekst\">\u00a0m\u00eb e reja n\u00eb botimet shqiptare sjell te ju frym\u00ebn bashk\u00ebkohore n\u00eb k\u00ebt\u00eb fush\u00eb, duke ju ofruar profesionaliz\u00ebm, cil\u00ebsi, korrekt\u00ebsi.<\/span><\/p>\n<p id=\"u3042-6\">Ne marrim p\u00ebrsip\u00ebr:<\/p>\n<p id=\"u3042-9\">&#8211; radhitjen e materialit; korrektimin dhe redaktimin e tij;<\/p>\n<p id=\"u3042-11\">&#8211; faqosjen; konfigurimin e kopertin\u00ebs;<\/p>\n<p id=\"u3042-15\">&#8211; shtypjen e materialit p\u00ebrfundimtar me teknologji t\u00eb<br \/>\np\u00ebrparuar (Shtyp 4 kolor)<\/p>\n<p>[\/vc_column_text]<hr class=\"vertical-space5\">[\/vc_column][vc_column width=&#8221;5\/12&#8243;]<hr class=\"vertical-space5\">[vc_single_image image=&#8221;13061&#8243; img_size=&#8221;full&#8221; alignment=&#8221;right&#8221; css_animation=&#8221;bottom-to-top&#8221;]<hr class=\"vertical-space5\">[\/vc_column][\/vc_row][vc_row][vc_column]\n\t<div class=\"subtitle-element subtitle-element1\">\n\t\t<h4>Disa nga librat e botuar nga ne<\/h4>\n\t<\/div>[vc_media_grid gap=&#8221;10&#8243; grid_id=&#8221;vc_gid:1504561249412-eb09a9da-f51b-10&#8243; include=&#8221;13108,13112,13111,13110,13109&#8243;]<hr class=\"vertical-space2\">[\/vc_column][\/vc_row]<\/p>\n<\/div>","protected":false},"excerpt":{"rendered":"<p>[vc_row row_type=&#8221;2&#8243; page_title=&#8221;page-title-x&#8221; blox_padding_top=&#8221;50&#8243; blox_padding_bottom=&#8221;50&#8243; blox_bgcolor=&#8221;#f7f7f7&#8243;][vc_column width=&#8221;7\/12&#8243;][vc_column_text] Botime Librash Sht\u00ebpia Botuese &#8220;AGStudio&#8221;\u00a0m\u00eb e reja n\u00eb botimet shqiptare sjell te ju frym\u00ebn bashk\u00ebkohore n\u00eb k\u00ebt\u00eb fush\u00eb, duke ju ofruar profesionaliz\u00ebm, cil\u00ebsi, korrekt\u00ebsi. Ne marrim p\u00ebrsip\u00ebr: &#8211; radhitjen e materialit; korrektimin dhe redaktimin e tij; &#8211; faqosjen; konfigurimin e kopertin\u00ebs; &#8211; shtypjen e materialit p\u00ebrfundimtar me teknologji t\u00eb p\u00ebrparuar (Shtyp 4 kolor) [\/vc_column_text][\/vc_column][vc_column width=&#8221;5\/12&#8243;][vc_single_image image=&#8221;13061&#8243; img_size=&#8221;full&#8221; alignment=&#8221;right&#8221; css_animation=&#8221;bottom-to-top&#8221;][\/vc_column][\/vc_row][vc_row][vc_column][vc_media_grid gap=&#8221;10&#8243; grid_id=&#8221;vc_gid:1504561249412-eb09a9da-f51b-10&#8243; include=&#8221;13108,13112,13111,13110,13109&#8243;][\/vc_column][\/vc_row]<\/p>\n","protected":false},"author":1,"featured_media":0,"parent":0,"menu_order":0,"comment_status":"closed","ping_status":"closed","template":"","meta":{"_seopress_robots_primary_cat":"","_seopress_titles_title":"Shtepi Botuese","_seopress_titles_desc":"Botime Librash\nSht\u00ebpia Botuese \"AGStudio\"\u00a0m\u00eb e reja n\u00eb botimet shqiptare sjell te ju frym\u00ebn bashk\u00ebkohore n\u00eb k\u00ebt\u00eb fush\u00eb, duke ju ofruar profesionaliz\u00ebm, cil\u00ebs...","_seopress_robots_index":"","_seopress_analysis_target_kw":"shtepi botuese","footnotes":""},"class_list":["post-13063","page","type-page","status-publish","hentry"],"_links":{"self":[{"href":"https:\/\/agstudio.al\/sq\/wp-json\/wp\/v2\/pages\/13063","targetHints":{"allow":["GET"]}}],"collection":[{"href":"https:\/\/agstudio.al\/sq\/wp-json\/wp\/v2\/pages"}],"about":[{"href":"https:\/\/agstudio.al\/sq\/wp-json\/wp\/v2\/types\/page"}],"author":[{"embeddable":true,"href":"https:\/\/agstudio.al\/sq\/wp-json\/wp\/v2\/users\/1"}],"replies":[{"embeddable":true,"href":"https:\/\/agstudio.al\/sq\/wp-json\/wp\/v2\/comments?post=13063"}],"version-history":[{"count":0,"href":"https:\/\/agstudio.al\/sq\/wp-json\/wp\/v2\/pages\/13063\/revisions"}],"wp:attachment":[{"href":"https:\/\/agstudio.al\/sq\/wp-json\/wp\/v2\/media?parent=13063"}],"curies":[{"name":"wp","href":"https:\/\/api.w.org\/{rel}","templated":true}]}}