{"id":13065,"date":"2017-09-03T21:41:37","date_gmt":"2017-09-03T21:41:37","guid":{"rendered":"https:\/\/agstudio.al\/sq\/?page_id=13065"},"modified":"2017-09-15T22:34:43","modified_gmt":"2017-09-15T22:34:43","slug":"print-shtyp","status":"publish","type":"page","link":"https:\/\/agstudio.al\/sq\/print-shtyp\/","title":{"rendered":"Print &#038; Shtyp"},"content":{"rendered":"<div class=\"wpb-content-wrapper\"><p>[vc_row row_type=&#8221;2&#8243; page_title=&#8221;page-title-x&#8221; blox_padding_top=&#8221;50&#8243; blox_padding_bottom=&#8221;50&#8243; blox_bgcolor=&#8221;#f7f7f7&#8243;][vc_column width=&#8221;7\/12&#8243;]<hr class=\"vertical-space5\">[vc_column_text]<\/p>\n<h3>AGStudio.al ofron dizenjim profesional\u00eb p\u00ebr aktivitetin tuaj personal apo t\u00eb kompanis\u00eb suaj.<\/h3>\n<p><strong>Art Grafik dhe Parap\u00ebrgatitje p\u00ebr shtyp &#8220;Prepress&#8221;<\/strong><br \/>\nLibra, Revista, Broshura, Katalogje, Logo, Kart\u00ebvizita Biznesi, Flyers, Fletepalosje, Axhenda vjetore, Blloqe, Newsletter-s, Ftesa, Kartolina, Kalendar\u00eb tavoline dhe muri, Dosje prezantuese, Postera,\u00a0In door dhe outdoor Banners,Stickers, etiketa, Paketime kartoni, \u00c7anta, Kuti etj.[\/vc_column_text]<hr class=\"vertical-space5\">[\/vc_column][vc_column width=&#8221;5\/12&#8243;][vc_single_image image=&#8221;13185&#8243; img_size=&#8221;full&#8221; alignment=&#8221;right&#8221; css_animation=&#8221;bottom-to-top&#8221;]<hr class=\"vertical-space5\">[\/vc_column][\/vc_row][vc_row row_type=&#8221;2&#8243; page_title=&#8221;page-title-x&#8221; blox_padding_top=&#8221;50&#8243; blox_padding_bottom=&#8221;50&#8243; blox_bgcolor=&#8221;#ffffff&#8221;][vc_column width=&#8221;7\/12&#8243;]<hr class=\"vertical-space5\">[vc_column_text]<\/p>\n<h3 class=\"pad_bot2 font1\">Kreativiteti \u00ebsht\u00eb pasioni yn\u00eb!<\/h3>\n<p>Art Graphic Studio me experienc\u00eb 10 vje\u00e7are n\u00eb fushat e printimeve, graphic design, email marketing, web design, e njohur p\u00ebr aktivitetin e saj n\u00eb Shqip\u00ebri me nj\u00eb seri sh\u00ebrbimesh dhe produktesh profesionale me \u00e7mime konkurruese n\u00eb tregun shqiptar. Gama e printimeve jane nga me te ndryshmet[\/vc_column_text]<hr class=\"vertical-space5\">[\/vc_column][vc_column width=&#8221;5\/12&#8243;][vc_single_image image=&#8221;13230&#8243; img_size=&#8221;full&#8221; alignment=&#8221;right&#8221; css_animation=&#8221;bottom-to-top&#8221;]<hr class=\"vertical-space5\">[\/vc_column][\/vc_row][vc_row][vc_column]\n\t<div class=\"subtitle-element subtitle-element1\">\n\t\t<h4>PRINTIME &amp; SHTYPSHKRIME<\/h4>\n\t<\/div>[\/vc_column][\/vc_row][vc_row][vc_column width=&#8221;1\/2&#8243;]<article class=\"icon-box8\" ><i class=\"icon-printer\" style=\"\"><\/i><h4>PRINTIME<\/h4><p>Printime Dixhitale Makineri Bashkohore Xerox<br \/>\n<\/p><\/article>[\/vc_column][vc_column width=&#8221;1\/2&#8243;]<article class=\"icon-box8\" ><i class=\"sl-grid\" style=\"\"><\/i><h4>SHTYPSHKRONJA<\/h4><p>Ofron Printime Profesionale me Makinerite e Shtypit 4 ngjyresh<\/p><\/article>[\/vc_column][\/vc_row][vc_row][vc_column][vc_single_image image=&#8221;13189&#8243; img_size=&#8221;full&#8221; alignment=&#8221;center&#8221; css_animation=&#8221;bottom-to-top&#8221;][\/vc_column][\/vc_row]<\/p>\n<\/div>","protected":false},"excerpt":{"rendered":"<p>[vc_row row_type=&#8221;2&#8243; page_title=&#8221;page-title-x&#8221; blox_padding_top=&#8221;50&#8243; blox_padding_bottom=&#8221;50&#8243; blox_bgcolor=&#8221;#f7f7f7&#8243;][vc_column width=&#8221;7\/12&#8243;][vc_column_text] AGStudio.al ofron dizenjim profesional\u00eb p\u00ebr aktivitetin tuaj personal apo t\u00eb kompanis\u00eb suaj. Art Grafik dhe Parap\u00ebrgatitje p\u00ebr shtyp &#8220;Prepress&#8221; Libra, Revista, Broshura, Katalogje, Logo, Kart\u00ebvizita Biznesi, Flyers, Fletepalosje, Axhenda vjetore, Blloqe, Newsletter-s, Ftesa, Kartolina, Kalendar\u00eb tavoline dhe muri, Dosje prezantuese, Postera,\u00a0In door dhe outdoor Banners,Stickers, etiketa, Paketime kartoni, \u00c7anta, Kuti etj.[\/vc_column_text][\/vc_column][vc_column width=&#8221;5\/12&#8243;][vc_single_image image=&#8221;13185&#8243; img_size=&#8221;full&#8221; alignment=&#8221;right&#8221; css_animation=&#8221;bottom-to-top&#8221;][\/vc_column][\/vc_row][vc_row row_type=&#8221;2&#8243; page_title=&#8221;page-title-x&#8221; blox_padding_top=&#8221;50&#8243; blox_padding_bottom=&#8221;50&#8243; blox_bgcolor=&#8221;#ffffff&#8221;][vc_column width=&#8221;7\/12&#8243;][vc_column_text] Kreativiteti \u00ebsht\u00eb pasioni yn\u00eb! Art Graphic Studio me experienc\u00eb 10 vje\u00e7are n\u00eb fushat e printimeve, graphic design, email marketing, web design, e njohur p\u00ebr aktivitetin e saj n\u00eb Shqip\u00ebri me nj\u00eb seri sh\u00ebrbimesh dhe produktesh profesionale me \u00e7mime konkurruese n\u00eb tregun shqiptar. Gama e printimeve jane nga me te ndryshmet[\/vc_column_text][\/vc_column][vc_column width=&#8221;5\/12&#8243;][vc_single_image image=&#8221;13230&#8243; img_size=&#8221;full&#8221; alignment=&#8221;right&#8221; css_animation=&#8221;bottom-to-top&#8221;][\/vc_column][\/vc_row][vc_row][vc_column][\/vc_column][\/vc_row][vc_row][vc_column width=&#8221;1\/2&#8243;][\/vc_column][vc_column width=&#8221;1\/2&#8243;][\/vc_column][\/vc_row][vc_row][vc_column][vc_single_image image=&#8221;13189&#8243; img_size=&#8221;full&#8221; alignment=&#8221;center&#8221; css_animation=&#8221;bottom-to-top&#8221;][\/vc_column][\/vc_row]<\/p>\n","protected":false},"author":1,"featured_media":0,"parent":0,"menu_order":0,"comment_status":"closed","ping_status":"closed","template":"","meta":{"_seopress_robots_primary_cat":"","_seopress_titles_title":"Print & Shtyp","_seopress_titles_desc":"AGStudio.al ofron dizenjim profesional\u00eb p\u00ebr aktivitetin tuaj personal apo t\u00eb kompanis\u00eb suaj.\nArt Grafik dhe Parap\u00ebrgatitje p\u00ebr shtyp \"Prepress\"\nLibra, Revist...","_seopress_robots_index":"","_seopress_analysis_target_kw":"print &amp; shtyp","footnotes":""},"class_list":["post-13065","page","type-page","status-publish","hentry"],"_links":{"self":[{"href":"https:\/\/agstudio.al\/sq\/wp-json\/wp\/v2\/pages\/13065","targetHints":{"allow":["GET"]}}],"collection":[{"href":"https:\/\/agstudio.al\/sq\/wp-json\/wp\/v2\/pages"}],"about":[{"href":"https:\/\/agstudio.al\/sq\/wp-json\/wp\/v2\/types\/page"}],"author":[{"embeddable":true,"href":"https:\/\/agstudio.al\/sq\/wp-json\/wp\/v2\/users\/1"}],"replies":[{"embeddable":true,"href":"https:\/\/agstudio.al\/sq\/wp-json\/wp\/v2\/comments?post=13065"}],"version-history":[{"count":0,"href":"https:\/\/agstudio.al\/sq\/wp-json\/wp\/v2\/pages\/13065\/revisions"}],"wp:attachment":[{"href":"https:\/\/agstudio.al\/sq\/wp-json\/wp\/v2\/media?parent=13065"}],"curies":[{"name":"wp","href":"https:\/\/api.w.org\/{rel}","templated":true}]}}