{"id":13209,"date":"2017-09-12T20:00:47","date_gmt":"2017-09-12T20:00:47","guid":{"rendered":"https:\/\/agstudio.al\/sq\/?page_id=13209"},"modified":"2023-11-21T23:59:55","modified_gmt":"2023-11-21T21:59:55","slug":"rreth-nesh","status":"publish","type":"page","link":"https:\/\/agstudio.al\/sq\/rreth-nesh\/","title":{"rendered":"RRETH NESH"},"content":{"rendered":"<div class=\"wpb-content-wrapper\"><p>[vc_row row_type=&#8221;2&#8243; page_title=&#8221;page-title-x&#8221; blox_padding_top=&#8221;50&#8243; blox_padding_bottom=&#8221;50&#8243; blox_bgcolor=&#8221;#f7f7f7&#8243;][vc_column width=&#8221;1\/2&#8243;][vc_column_text]<\/p>\n<h3 id=\"u4870-2\"><strong>Eksperienc\u00eb dhe Inovacion n\u00eb Sh\u00ebrbimet e Hostingut dhe Krijimin e Faqeve t\u00eb Internetit<\/strong><\/h3>\n<p>Me nj\u00eb histori 15-vje\u00e7are n\u00eb ofrimin e sh\u00ebrbimeve t\u00eb besueshme t\u00eb hostingut n\u00eb Shqip\u00ebri, ne tani zgjerojm\u00eb ekspertiz\u00ebn ton\u00eb p\u00ebr t\u00eb p\u00ebrfshir\u00eb edhe krijimin profesional t\u00eb faqeve t\u00eb internetit. Server\u00ebt tan\u00eb t\u00eb dedikuar sigurojn\u00eb nj\u00eb koh\u00eb funksionimi prej 99.9% p\u00ebr faqet tuaja, duke ju dh\u00ebn\u00eb qet\u00ebsi mendore p\u00ebr stabilitetin dhe besueshm\u00ebrin\u00eb.[\/vc_column_text][\/vc_column][vc_column width=&#8221;1\/2&#8243;][vc_single_image image=&#8221;13186&#8243; img_size=&#8221;full&#8221; alignment=&#8221;right&#8221; css_animation=&#8221;bottom-to-top&#8221;][\/vc_column][\/vc_row][vc_row][vc_column width=&#8221;7\/12&#8243;]<hr class=\"vertical-space5\">[vc_column_text]<\/p>\n<h3><strong>Studio Grafike dhe Sht\u00ebpi Botuese: Nj\u00eb Spekt\u00ebr i Plot\u00eb i Sh\u00ebrbimeve Kreative<\/strong><\/h3>\n<p>N\u00eb p\u00ebrputhje me angazhimin ton\u00eb p\u00ebr t\u00eb ofruar zgjidhje t\u00eb plota, studioja jon\u00eb grafike ofron sh\u00ebrbime dizajni t\u00eb larta p\u00ebr t\u00eb gjitha nevojat tuaja vizuale &#8211; nga identitetet korporative deri tek materiale marketingu. Sht\u00ebpia jon\u00eb botuese, e pajisur me teknologji moderne shtypi dhe nj\u00eb ekip redaktor\u00ebsh dhe dizajner\u00ebsh t\u00eb talentuar, garanton produkte t\u00eb cil\u00ebsis\u00eb s\u00eb lart\u00eb q\u00eb p\u00ebrcjellin mesazhin tuaj n\u00eb m\u00ebnyr\u00ebn m\u00eb efektive. \u00c7do projekt q\u00eb nd\u00ebrmarrim \u00ebsht\u00eb i fokusuar n\u00eb p\u00ebrdorimin e fjal\u00ebve ky\u00e7e dhe strategjive t\u00eb SEO p\u00ebr t\u00eb rritur dukshm\u00ebrin\u00eb tuaj n\u00eb internet.[\/vc_column_text][\/vc_column][vc_column width=&#8221;5\/12&#8243;][vc_single_image image=&#8221;13213&#8243; img_size=&#8221;full&#8221; alignment=&#8221;right&#8221; css_animation=&#8221;bottom-to-top&#8221;][\/vc_column][\/vc_row][vc_row][vc_column][vc_cta h2=&#8221;Ekipi yn\u00eb i talentuar i zhvilluesve dhe dizajner\u00ebve \u00ebsht\u00eb i gatsh\u00ebm t\u00eb kthej\u00eb vizionin tuaj n\u00eb realitet&#8221;]N\u00ebse jeni n\u00eb k\u00ebrkim t\u00eb nj\u00eb partneri t\u00eb besuesh\u00ebm q\u00eb ofron nj\u00eb gam\u00eb t\u00eb gjer\u00eb sh\u00ebrbimesh nga hosting i avancuar, krijim faqesh interneti, dizajn grafik, deri te sh\u00ebrbime shtypi &#8211; jeni n\u00eb vendin e duhur. Kontaktoni ekipin ton\u00eb sot p\u00ebr t\u00eb diskutuar se si mund t\u00eb ndihmojm\u00eb n\u00eb rritjen dhe zhvillimin e biznesit tuaj n\u00ebp\u00ebrmjet zgjidhjeve tona kreative dhe teknologjike.[\/vc_cta][\/vc_column][vc_column]<hr class=\"vertical-space1\">\n\t<div class=\"max-title max-title5\">\n\t\t<h2>KUJDESEMI P\u00cbR <strong>KLIENT\u00cbT<\/strong><\/h2>\n\t<\/div><hr class=\"vertical-space3\">[\/vc_column][\/vc_row][vc_row][vc_column width=&#8221;1\/3&#8243;]<article class=\"icon-box11\" ><i class=\"fa-money\" style=\"\"><\/i><h4>\u00c7MIME KONKURUESE<\/h4><p>Konkurues n\u00eb treg, \u00e7mime te favorshme per te gjithe klientet per t\u00eb patur sherbim cilesor.<\/p><\/article>[\/vc_column][vc_column width=&#8221;1\/3&#8243;]<article class=\"icon-box11\" ><i class=\"fa-trophy\" style=\"\"><\/i><h4>CIL\u00cbSI<\/h4><p>E duam pun\u00ebn ton\u00eb, dhe prandaj kujdesemi p\u00ebr \u00e7do detaj. Mundohemi gjithmon\u00eb t\u00eb arrijm\u00eb m\u00eb t\u00eb mir\u00ebn e mundshme.<\/p><\/article>[\/vc_column][vc_column width=&#8221;1\/3&#8243;]<article class=\"icon-box11\" ><i class=\"fa-line-chart\" style=\"\"><\/i><h4>KORREKT\u00cbSI<\/h4><p>Ne realizojme ne kohe \u00e7do pune q\u00eb marim persiper<\/p><\/article>[\/vc_column][\/vc_row][vc_row][vc_column]\n\t<div class=\"max-title max-title5\">\n\t\t<h2>\u00c7FARE <strong>OFROJME<\/strong><\/h2>\n\t<\/div><hr class=\"vertical-space1\">[vc_row_inner equal_height=&#8221;yes&#8221;][vc_column_inner width=&#8221;1\/4&#8243; offset=&#8221;vc_col-lg-3 vc_col-md-6&#8243;]<article class=\"icon-box2\" ><a href=\"https:\/\/agstudio.al\/sq\/shtepi-botuese\/\"><i class=\"icon-book-open\" style=\"\"><\/i><\/a><h4>SHT\u00cbPI BOTUESE<\/h4><p>Botime te ndryshme, faqosje, shtypshkrim<\/p><a class=\"magicmore\" href=\"https:\/\/agstudio.al\/sq\/shtepi-botuese\/\">Me shume<\/a><\/article>[\/vc_column_inner][vc_column_inner width=&#8221;1\/4&#8243; offset=&#8221;vc_col-lg-3 vc_col-md-6&#8243;]<article class=\"icon-box2\" ><a href=\"https:\/\/agstudio.al\/sq\/faqe-interneti\/\"><i class=\"icon-browser\" style=\"\"><\/i><\/a><h4>FAQE INTERNETI<\/h4><p>Faqe Interneti nga me te ndryshmet<\/p><a class=\"magicmore\" href=\"https:\/\/agstudio.al\/sq\/faqe-interneti\/\">Me shume<\/a><\/article>[\/vc_column_inner][vc_column_inner width=&#8221;1\/4&#8243; offset=&#8221;vc_col-lg-3 vc_col-md-6&#8243;]<article class=\"icon-box2\" ><a href=\"https:\/\/agstudio.al\/sq\/studio-grafike\/\"><i class=\"icon-pencil\" style=\"\"><\/i><\/a><h4>STUDIO GRAFIKE<\/h4><p>Ofrojme punime profesionale dhe me kualitet<\/p><a class=\"magicmore\" href=\"https:\/\/agstudio.al\/sq\/studio-grafike\/\">Me shume<\/a><\/article>[\/vc_column_inner][vc_column_inner width=&#8221;1\/4&#8243;]<article class=\"icon-box2\" ><a href=\"https:\/\/agstudio.al\/sq\/hosting-service\/\"><i class=\"icon-global\" style=\"\"><\/i><\/a><h4>DOMAIN &amp; HOST<\/h4><p>Regjistrim Domain &amp; Web Hosting nese serverat tani<\/p><a class=\"magicmore\" href=\"https:\/\/agstudio.al\/sq\/hosting-service\/\">Me shume<\/a><\/article>[\/vc_column_inner][\/vc_row_inner][vc_row_inner equal_height=&#8221;yes&#8221;][vc_column_inner width=&#8221;1\/4&#8243; offset=&#8221;vc_col-lg-3 vc_col-md-6&#8243;]<article class=\"icon-box2\" ><a href=\"#\"><i class=\"icon-presentation\" style=\"\"><\/i><\/a><h4>SEO<\/h4><p>Optimizimi i motor\u00ebve t\u00eb k\u00ebrkimit per faqen tuaj<\/p><a class=\"magicmore\" href=\"#\">Me shume<\/a><\/article>[\/vc_column_inner][vc_column_inner width=&#8221;1\/4&#8243; offset=&#8221;vc_col-lg-3 vc_col-md-6&#8243;]<article class=\"icon-box2\" ><a href=\"https:\/\/agstudio.al\/sq\/print-shtyp\/\"><i class=\"icon-printer\" style=\"\"><\/i><\/a><h4>PRINT \/ SHTYP<\/h4><p>Printime dhe shtypshkrime nga me te ndryshmet<\/p><a class=\"magicmore\" href=\"https:\/\/agstudio.al\/sq\/print-shtyp\/\">Me shume<\/a><\/article>[\/vc_column_inner][vc_column_inner width=&#8221;1\/4&#8243; offset=&#8221;vc_col-lg-3 vc_col-md-6&#8243;]<article class=\"icon-box2\" ><a href=\"https:\/\/agstudio.al\/sq\/faqe-dhe-profile-ne-rrjete-te-tjera-sociale\/\"><i class=\"sl-social-facebook\" style=\"\"><\/i><\/a><h4>SOCIAL MEDIA<\/h4><p>Social Media Marketing i referohet procesit te perfitimit te trafikut ne website<\/p><a class=\"magicmore\" href=\"https:\/\/agstudio.al\/sq\/faqe-dhe-profile-ne-rrjete-te-tjera-sociale\/\">Me shume<\/a><\/article>[\/vc_column_inner][vc_column_inner width=&#8221;1\/4&#8243;]<article class=\"icon-box2\" ><a href=\"#\"><i class=\"icon-camera\" style=\"\"><\/i><\/a><h4>MULTIMEDIA<\/h4><p>Klipe te ndryshme, Reklama televizive, foto profesionale<\/p><a class=\"magicmore\" href=\"#\">Me shume<\/a><\/article>[\/vc_column_inner][\/vc_row_inner]<hr class=\"vertical-space3\">[\/vc_column][\/vc_row][vc_column width=&#8221;2\/12&#8243;][\/vc_column][vc_column width=&#8221;4\/12&#8243;][\/vc_column]<\/p>\n<\/div>","protected":false},"excerpt":{"rendered":"<p>[vc_row row_type=&#8221;2&#8243; page_title=&#8221;page-title-x&#8221; blox_padding_top=&#8221;50&#8243; blox_padding_bottom=&#8221;50&#8243; blox_bgcolor=&#8221;#f7f7f7&#8243;][vc_column width=&#8221;1\/2&#8243;][vc_column_text] Eksperienc\u00eb dhe Inovacion n\u00eb Sh\u00ebrbimet e Hostingut dhe Krijimin e Faqeve t\u00eb Internetit Me nj\u00eb histori 15-vje\u00e7are n\u00eb ofrimin e sh\u00ebrbimeve t\u00eb besueshme t\u00eb hostingut n\u00eb Shqip\u00ebri, ne tani zgjerojm\u00eb ekspertiz\u00ebn ton\u00eb p\u00ebr t\u00eb p\u00ebrfshir\u00eb edhe krijimin profesional t\u00eb faqeve t\u00eb internetit. Server\u00ebt tan\u00eb t\u00eb dedikuar sigurojn\u00eb nj\u00eb koh\u00eb funksionimi prej 99.9% p\u00ebr faqet tuaja, duke ju dh\u00ebn\u00eb qet\u00ebsi mendore p\u00ebr stabilitetin dhe besueshm\u00ebrin\u00eb.[\/vc_column_text][\/vc_column][vc_column width=&#8221;1\/2&#8243;][vc_single_image image=&#8221;13186&#8243; img_size=&#8221;full&#8221; alignment=&#8221;right&#8221; css_animation=&#8221;bottom-to-top&#8221;][\/vc_column][\/vc_row][vc_row][vc_column width=&#8221;7\/12&#8243;][vc_column_text] Studio Grafike dhe Sht\u00ebpi Botuese: Nj\u00eb Spekt\u00ebr i Plot\u00eb i Sh\u00ebrbimeve Kreative N\u00eb p\u00ebrputhje me angazhimin ton\u00eb p\u00ebr t\u00eb ofruar zgjidhje t\u00eb plota, studioja jon\u00eb grafike ofron sh\u00ebrbime dizajni t\u00eb larta p\u00ebr t\u00eb gjitha nevojat tuaja vizuale &#8211; nga identitetet korporative deri tek materiale marketingu. Sht\u00ebpia jon\u00eb botuese, e pajisur me teknologji moderne shtypi dhe nj\u00eb ekip redaktor\u00ebsh dhe dizajner\u00ebsh t\u00eb talentuar, garanton produkte t\u00eb cil\u00ebsis\u00eb s\u00eb lart\u00eb q\u00eb p\u00ebrcjellin mesazhin tuaj n\u00eb m\u00ebnyr\u00ebn m\u00eb efektive. \u00c7do projekt q\u00eb nd\u00ebrmarrim \u00ebsht\u00eb i fokusuar n\u00eb p\u00ebrdorimin e fjal\u00ebve ky\u00e7e dhe strategjive t\u00eb SEO p\u00ebr t\u00eb rritur dukshm\u00ebrin\u00eb tuaj n\u00eb internet.[\/vc_column_text][\/vc_column][vc_column width=&#8221;5\/12&#8243;][vc_single_image image=&#8221;13213&#8243; img_size=&#8221;full&#8221; alignment=&#8221;right&#8221; css_animation=&#8221;bottom-to-top&#8221;][\/vc_column][\/vc_row][vc_row][vc_column][vc_cta h2=&#8221;Ekipi yn\u00eb i talentuar i zhvilluesve dhe dizajner\u00ebve \u00ebsht\u00eb i gatsh\u00ebm t\u00eb kthej\u00eb vizionin tuaj n\u00eb realitet&#8221;]N\u00ebse jeni n\u00eb k\u00ebrkim t\u00eb nj\u00eb partneri t\u00eb besuesh\u00ebm q\u00eb ofron nj\u00eb gam\u00eb t\u00eb gjer\u00eb sh\u00ebrbimesh nga hosting i avancuar, krijim faqesh interneti, dizajn grafik, deri te sh\u00ebrbime shtypi &#8211; jeni n\u00eb vendin e duhur. Kontaktoni ekipin ton\u00eb sot p\u00ebr t\u00eb diskutuar se si mund t\u00eb ndihmojm\u00eb n\u00eb rritjen dhe zhvillimin e biznesit tuaj n\u00ebp\u00ebrmjet zgjidhjeve tona kreative dhe teknologjike.[\/vc_cta][\/vc_column][vc_column][\/vc_column][\/vc_row][vc_row][vc_column width=&#8221;1\/3&#8243;][\/vc_column][vc_column width=&#8221;1\/3&#8243;][\/vc_column][vc_column width=&#8221;1\/3&#8243;][\/vc_column][\/vc_row][vc_row][vc_column][vc_row_inner equal_height=&#8221;yes&#8221;][vc_column_inner width=&#8221;1\/4&#8243; offset=&#8221;vc_col-lg-3 vc_col-md-6&#8243;][\/vc_column_inner][vc_column_inner width=&#8221;1\/4&#8243; offset=&#8221;vc_col-lg-3 vc_col-md-6&#8243;][\/vc_column_inner][vc_column_inner width=&#8221;1\/4&#8243; offset=&#8221;vc_col-lg-3 vc_col-md-6&#8243;][\/vc_column_inner][vc_column_inner width=&#8221;1\/4&#8243;][\/vc_column_inner][\/vc_row_inner][vc_row_inner equal_height=&#8221;yes&#8221;][vc_column_inner width=&#8221;1\/4&#8243; offset=&#8221;vc_col-lg-3 vc_col-md-6&#8243;][\/vc_column_inner][vc_column_inner width=&#8221;1\/4&#8243; offset=&#8221;vc_col-lg-3 vc_col-md-6&#8243;][\/vc_column_inner][vc_column_inner width=&#8221;1\/4&#8243; offset=&#8221;vc_col-lg-3 vc_col-md-6&#8243;][\/vc_column_inner][vc_column_inner width=&#8221;1\/4&#8243;][\/vc_column_inner][\/vc_row_inner][\/vc_column][\/vc_row][vc_column width=&#8221;2\/12&#8243;][\/vc_column][vc_column width=&#8221;4\/12&#8243;][\/vc_column]<\/p>\n","protected":false},"author":1,"featured_media":0,"parent":0,"menu_order":0,"comment_status":"closed","ping_status":"closed","template":"","meta":{"_seopress_robots_primary_cat":"","_seopress_titles_title":"RRETH NESH","_seopress_titles_desc":"AGStudio.al \u00ebsht\u00eb nj\u00eb studio e lindur nga deshira p\u00ebr t\u00eb sjell n\u00eb tregun e ri shqiptar eksperiencen tone n\u00eb fush\u00ebn e krijimit.","_seopress_robots_index":"","_seopress_analysis_target_kw":"rreth nesh","footnotes":""},"class_list":["post-13209","page","type-page","status-publish","hentry"],"_links":{"self":[{"href":"https:\/\/agstudio.al\/sq\/wp-json\/wp\/v2\/pages\/13209","targetHints":{"allow":["GET"]}}],"collection":[{"href":"https:\/\/agstudio.al\/sq\/wp-json\/wp\/v2\/pages"}],"about":[{"href":"https:\/\/agstudio.al\/sq\/wp-json\/wp\/v2\/types\/page"}],"author":[{"embeddable":true,"href":"https:\/\/agstudio.al\/sq\/wp-json\/wp\/v2\/users\/1"}],"replies":[{"embeddable":true,"href":"https:\/\/agstudio.al\/sq\/wp-json\/wp\/v2\/comments?post=13209"}],"version-history":[{"count":0,"href":"https:\/\/agstudio.al\/sq\/wp-json\/wp\/v2\/pages\/13209\/revisions"}],"wp:attachment":[{"href":"https:\/\/agstudio.al\/sq\/wp-json\/wp\/v2\/media?parent=13209"}],"curies":[{"name":"wp","href":"https:\/\/api.w.org\/{rel}","templated":true}]}}