{"id":14092,"date":"2020-04-01T17:04:18","date_gmt":"2020-04-01T15:04:18","guid":{"rendered":"https:\/\/agstudio.al\/sq\/?page_id=14092"},"modified":"2023-11-23T00:24:47","modified_gmt":"2023-11-22T22:24:47","slug":"faqe-interneti-dyqan-online","status":"publish","type":"page","link":"https:\/\/agstudio.al\/sq\/faqe-interneti-dyqan-online\/","title":{"rendered":"Faqe Interneti | Dyqan Online"},"content":{"rendered":"<div class=\"wpb-content-wrapper\"><p>[vc_row][vc_column][vc_single_image image=&#8221;14112&#8243; img_size=&#8221;full&#8221;][vc_empty_space][vc_column_text]<\/p>\n<h1 dir=\"auto\">Pse \u00c7do Biznes dhe Dyqan ka Nevoj\u00eb p\u00ebr nj\u00eb Faqe Interneti p\u00ebr t\u00eb Shitur Globalisht<\/h1>\n<p>N\u00eb bot\u00ebn e sotme digjitale, ku konkurrenca \u00ebsht\u00eb e madhe dhe mund\u00ebsit\u00eb jan\u00eb t\u00eb pafundme, nj\u00eb biznes pa nj\u00eb faqe interneti \u00ebsht\u00eb si nj\u00eb dyqan pa nj\u00eb vitrin\u00eb. \u00cbsht\u00eb m\u00eb shum\u00eb se vet\u00ebm nj\u00eb adres\u00eb n\u00eb internet; \u00ebsht\u00eb nj\u00eb portal q\u00eb t\u00eb \u00e7on n\u00eb tregun global, duke t\u00eb hapur dyert p\u00ebr mund\u00ebsi t\u00eb panum\u00ebrta dhe klient\u00eb t\u00eb rinj nga \u00e7do cep i bot\u00ebs. Kjo \u00ebsht\u00eb arsyeja pse \u00e7do biznes dhe dyqan online ka nevoj\u00eb p\u00ebr nj\u00eb faqe interneti t\u00eb nd\u00ebrtuar profesionalisht dhe optimizuar p\u00ebr SEO.<\/p>\n<h2><strong>Pse Bizneset Kan\u00eb Nevoj\u00eb p\u00ebr nj\u00eb Faqe Interneti:<\/strong><\/h2>\n<ol>\n<li><strong>Dukshm\u00ebria Globale:<\/strong><br \/>\nNj\u00eb faqe interneti ju ndihmon t\u00eb dilni nga kufijt\u00eb lokal\u00eb dhe t\u00eb arrini nj\u00eb audienca nd\u00ebrkomb\u00ebtare, duke ju ofruar mund\u00ebsin\u00eb p\u00ebr t\u00eb rritur shitjet dhe nd\u00ebrtuar nj\u00eb mark\u00eb globale.<\/li>\n<li><strong>Nd\u00ebrtimi i Besimit dhe Autoritetit:<\/strong><br \/>\nN\u00eb bot\u00ebn digjitale, nj\u00eb faqe interneti \u00ebsht\u00eb shenj\u00eb e kredibilitetit dhe profesionalizmit. Klient\u00ebt e mundsh\u00ebm e vler\u00ebsojn\u00eb nj\u00eb biznes q\u00eb ka nj\u00eb prezenc\u00eb t\u00eb fort\u00eb dhe t\u00eb besueshme n\u00eb internet.<\/li>\n<li><strong>Marketing Efektiv:<\/strong><br \/>\nNj\u00eb faqe interneti ju lejon t\u00eb merrni t\u00eb dh\u00ebna t\u00eb vlefshme nga vizitor\u00ebt tuaj, t\u00eb cilat mund t\u00eb p\u00ebrdoren p\u00ebr t\u00eb targetuar klient\u00eb potencial\u00eb n\u00eb m\u00ebnyr\u00eb m\u00eb t\u00eb efektshme.<\/li>\n<\/ol>\n<div dir=\"auto\">\n<h2><strong>Avantazhet e Dyqaneve Online:<\/strong><\/h2>\n<ol>\n<li><strong>Akses n\u00eb Tregun e Gjer\u00eb:<\/strong><br \/>\nNj\u00eb dyqan online ju lejon t\u00eb shisni produkte ose sh\u00ebrbime n\u00eb \u00e7do koh\u00eb dhe kudo n\u00eb bot\u00eb, duke eliminuar kufizimet gjeografike dhe duke rritur shanset p\u00ebr shitje.<\/li>\n<li><strong>Analiza e t\u00eb Dh\u00ebnave:<\/strong><br \/>\nFaqet e internetit ofrojn\u00eb mjete p\u00ebr t\u00eb analizuar sjelljen e klient\u00ebve, duke ju ndihmuar t\u00eb kuptoni nevojat dhe preferencat e tyre n\u00eb m\u00ebnyr\u00eb m\u00eb t\u00eb mir\u00eb.<\/li>\n<\/ol>\n<h2><strong>Pse t\u00eb Zgjidhni Ne p\u00ebr Nd\u00ebrtimin e Faqes Tuaj:<\/strong><\/h2>\n<p>Ne jemi ekspert\u00eb n\u00eb SEO dhe nd\u00ebrtimin e faqeve t\u00eb p\u00ebrgjegjshme q\u00eb funksionojn\u00eb n\u00eb \u00e7do pajisje. Me raste studimi dhe d\u00ebshmi nga klient\u00eb t\u00eb k\u00ebnaqur, ne ofrojm\u00eb zgjidhje t\u00eb personalizuara q\u00eb p\u00ebrputhen me nevojat e \u00e7do lloj biznesi.<\/p>\n<\/div>\n<h2><strong>Na kontaktoni:<\/strong><\/h2>\n<p>Ju ftojm\u00eb t\u00eb kontaktoni p\u00ebr nj\u00eb konsult\u00eb falas. Le t\u00eb tregojm\u00eb se si ne mund t\u00eb ndihmojm\u00eb biznesin tuaj t\u00eb zgjerohet n\u00eb tregun global.[\/vc_column_text][vc_column_text]<\/p>\n<div dir=\"auto\"><strong>Nj\u00eb dyqan online<\/strong><\/div>\n<div dir=\"auto\"><\/div>\n<ul>\n<li dir=\"auto\">Nuk ka kufij<\/li>\n<li dir=\"auto\">Nuk flen asnj\u00ebher\u00eb<\/li>\n<li dir=\"auto\">Nuk varet nga hapsira gjeografike ku ndodhet<\/li>\n<li dir=\"auto\">Mund t\u00eb zgjerohet pa limit<\/li>\n<li dir=\"auto\">Nuk ka kosto qeraje<\/li>\n<li dir=\"auto\">\u00cbsht\u00eb shum\u00eb i thjesht\u00eb p\u00ebr tu reklamuar<\/li>\n<li dir=\"auto\">Mund\u00ebson klientin t\u00eb blej\u00eb n\u00eb koh\u00ebn e vet\u00eb n\u00eb komfortin e sht\u00ebpis\u00eb<\/li>\n<\/ul>\n<div dir=\"auto\"><\/div>\n<div dir=\"auto\">Dhe shum\u00eb benefite t\u00eb tjera&#8230;<\/div>\n<p>[\/vc_column_text][\/vc_column][\/vc_row][vc_row][vc_column]\n\t<div class=\"subtitle-element subtitle-element1\">\n\t\t<h4>DISA FAQE QE KEMI REALIZUAR (DYQAN ONLINE)<\/h4>\n\t<\/div>[\/vc_column][\/vc_row][vc_row][vc_column width=&#8221;1\/4&#8243;][vc_single_image image=&#8221;14097&#8243; img_size=&#8221;250&#215;100&#8243; style=&#8221;vc_box_shadow&#8221; onclick=&#8221;custom_link&#8221; img_link_target=&#8221;_blank&#8221; title=&#8221;ALBA TONER&#8221; link=&#8221;https:\/\/albatoner.al\/&#8221;][\/vc_column][vc_column width=&#8221;1\/4&#8243;][vc_single_image image=&#8221;14103&#8243; img_size=&#8221;250&#215;100&#8243; style=&#8221;vc_box_shadow&#8221; onclick=&#8221;custom_link&#8221; img_link_target=&#8221;_blank&#8221; title=&#8221;CCS OFFICE&#8221; link=&#8221;https:\/\/ccsoffice.al\/&#8221;][\/vc_column][vc_column width=&#8221;1\/4&#8243;][vc_single_image image=&#8221;14104&#8243; img_size=&#8221;250&#215;100&#8243; style=&#8221;vc_box_shadow&#8221; onclick=&#8221;custom_link&#8221; img_link_target=&#8221;_blank&#8221; title=&#8221;BLING&#8221; link=&#8221;https:\/\/blingcosmetic.com\/&#8221;][\/vc_column][vc_column width=&#8221;1\/4&#8243;][vc_single_image image=&#8221;14105&#8243; img_size=&#8221;250&#215;100&#8243; style=&#8221;vc_box_shadow&#8221; onclick=&#8221;custom_link&#8221; img_link_target=&#8221;_blank&#8221; title=&#8221;ECOSUN&#8221; link=&#8221;https:\/\/ecosun.al\/&#8221;][\/vc_column][\/vc_row][vc_row][vc_column]<hr class=\"vertical-space1\"><hr>\n\t<div class=\"subtitle-element subtitle-element1\">\n\t\t<h4>Nd\u00ebrto sot dyqanin t\u00ebnd online dhe fillo t\u00eb shes\u00ebsh menj\u00ebher\u00eb:<\/h4>\n\t<\/div>[vc_column_text]<\/p>\n<h3 dir=\"auto\">NA KONTAKONI<\/h3>\n<div dir=\"auto\"><\/div>\n<div dir=\"auto\"><\/div>\n<div dir=\"auto\">\n<div class=\"wpcf7 no-js\" id=\"wpcf7-f5703-o1\" lang=\"en-US\" dir=\"ltr\" data-wpcf7-id=\"5703\">\n<div class=\"screen-reader-response\"><p role=\"status\" aria-live=\"polite\" aria-atomic=\"true\"><\/p> <ul><\/ul><\/div>\n<form action=\"\/sq\/wp-json\/wp\/v2\/pages\/14092#wpcf7-f5703-o1\" method=\"post\" class=\"wpcf7-form init\" aria-label=\"Contact form\" novalidate=\"novalidate\" data-status=\"init\">\n<fieldset class=\"hidden-fields-container\"><input type=\"hidden\" name=\"_wpcf7\" value=\"5703\" \/><input type=\"hidden\" name=\"_wpcf7_version\" value=\"6.1.5\" \/><input type=\"hidden\" name=\"_wpcf7_locale\" value=\"en_US\" \/><input type=\"hidden\" name=\"_wpcf7_unit_tag\" value=\"wpcf7-f5703-o1\" \/><input type=\"hidden\" name=\"_wpcf7_container_post\" value=\"0\" \/><input type=\"hidden\" name=\"_wpcf7_posted_data_hash\" value=\"\" \/><input type=\"hidden\" name=\"_wpcf7_recaptcha_response\" value=\"\" \/>\n<\/fieldset>\n<!-- name -->\n<div id=\"talk-business\" class=seo-cf-page>\n\t<div class=\"row\">\n\t\t<div class=\"col-sm-12 es-cp\">\n\t\t\t<p class=\"talk-business-title\">Your Name\n\t\t\t<\/p>\n\t\t\t<p><span class=\"wpcf7-form-control-wrap\" data-name=\"Name\"><input size=\"40\" maxlength=\"400\" class=\"wpcf7-form-control wpcf7-text style_contact_information\" aria-invalid=\"false\" value=\"\" type=\"text\" name=\"Name\" \/><\/span>\n\t\t\t<\/p>\n\t\t<\/div>\n\t<\/div>\n\n <!-- mail & subject -->\n\t<div class=\"row\">\n\t\t<div class=\"col-sm-6 es-cp\">\n\t\t\t<p class=\"talk-business-title\">Your Email\n\t\t\t<\/p>\n\t\t\t<p><span class=\"wpcf7-form-control-wrap\" data-name=\"Email\"><input size=\"40\" maxlength=\"400\" class=\"wpcf7-form-control wpcf7-email wpcf7-text wpcf7-validates-as-email style_contact_information\" aria-invalid=\"false\" value=\"\" type=\"email\" name=\"Email\" \/><\/span>\n\t\t\t<\/p>\n\t\t<\/div>\n\t\t<div class=\"col-sm-6 es-cp\">\n\t\t\t<p class=\"talk-business-title\">Subject\n\t\t\t<\/p>\n\t\t\t<p><span class=\"wpcf7-form-control-wrap\" data-name=\"Subject\"><input size=\"40\" maxlength=\"400\" class=\"wpcf7-form-control wpcf7-text style_contact_information\" aria-invalid=\"false\" value=\"\" type=\"text\" name=\"Subject\" \/><\/span>\n\t\t\t<\/p>\n\t\t<\/div>\n\t<\/div>\n\n <!-- text area -->\n\t<div class=\"row\">\n\t\t<div class=\"col-sm-12 es-cp\">\n\t\t\t<p class=\"talk-business-title\">Your Message\n\t\t\t<\/p>\n\t\t\t<p><span class=\"wpcf7-form-control-wrap\" data-name=\"Textarea\"><textarea cols=\"40\" rows=\"10\" maxlength=\"2000\" class=\"wpcf7-form-control wpcf7-textarea style_contact_information\" aria-invalid=\"false\" name=\"Textarea\"><\/textarea><\/span>\n\t\t\t<\/p>\n\t\t<\/div>\n\t<\/div>\n\n <!-- btns -->\n\t<div class=\"row contact_information_btns\">\n\t\t<div class=\"col-sm-3\">\n\t\t<\/div>\n\t\t<div class=\"col-sm-6 aligncenter\">\n\t\t\t<p><input class=\"wpcf7-form-control wpcf7-submit has-spinner\" type=\"submit\" value=\"Send\" \/>\n\t\t\t<\/p>\n\t\t<\/div>\n\t\t<div class=\"col-sm-3\">\n\t\t<\/div>\n\t<\/div>\n<\/div><p style=\"display: none !important;\" class=\"akismet-fields-container\" data-prefix=\"_wpcf7_ak_\"><label>&#916;<textarea name=\"_wpcf7_ak_hp_textarea\" cols=\"45\" rows=\"8\" maxlength=\"100\"><\/textarea><\/label><input type=\"hidden\" id=\"ak_js_1\" name=\"_wpcf7_ak_js\" value=\"19\"\/><script type=\"text\/javascript\">\n\/* <![CDATA[ *\/\ndocument.getElementById( \"ak_js_1\" ).setAttribute( \"value\", ( new Date() ).getTime() );\n\/* ]]> *\/\n<\/script>\n<\/p><div class=\"wpcf7-response-output\" aria-hidden=\"true\"><\/div>\n<\/form>\n<\/div>\n<\/div>\n<p>[\/vc_column_text][\/vc_column][\/vc_row]<\/p>\n<\/div>","protected":false},"excerpt":{"rendered":"<p>[vc_row][vc_column][vc_single_image image=&#8221;14112&#8243; img_size=&#8221;full&#8221;][vc_empty_space][vc_column_text] Pse \u00c7do Biznes dhe Dyqan ka Nevoj\u00eb p\u00ebr nj\u00eb Faqe Interneti p\u00ebr t\u00eb Shitur Globalisht N\u00eb bot\u00ebn e sotme digjitale, ku konkurrenca \u00ebsht\u00eb e madhe dhe mund\u00ebsit\u00eb jan\u00eb t\u00eb pafundme, nj\u00eb biznes pa nj\u00eb faqe interneti \u00ebsht\u00eb si nj\u00eb dyqan pa nj\u00eb vitrin\u00eb. \u00cbsht\u00eb m\u00eb shum\u00eb se vet\u00ebm nj\u00eb adres\u00eb n\u00eb internet; \u00ebsht\u00eb nj\u00eb portal q\u00eb t\u00eb \u00e7on n\u00eb tregun global, duke t\u00eb hapur dyert p\u00ebr mund\u00ebsi t\u00eb panum\u00ebrta dhe klient\u00eb t\u00eb rinj nga \u00e7do cep i bot\u00ebs. Kjo \u00ebsht\u00eb arsyeja pse \u00e7do biznes dhe dyqan online ka nevoj\u00eb p\u00ebr nj\u00eb faqe interneti t\u00eb nd\u00ebrtuar profesionalisht dhe optimizuar p\u00ebr SEO. Pse Bizneset Kan\u00eb Nevoj\u00eb p\u00ebr nj\u00eb Faqe Interneti: Dukshm\u00ebria Globale: Nj\u00eb faqe interneti ju ndihmon t\u00eb dilni nga kufijt\u00eb lokal\u00eb dhe t\u00eb arrini nj\u00eb audienca nd\u00ebrkomb\u00ebtare, duke ju ofruar mund\u00ebsin\u00eb p\u00ebr t\u00eb rritur shitjet dhe nd\u00ebrtuar nj\u00eb mark\u00eb globale. Nd\u00ebrtimi i Besimit dhe Autoritetit: N\u00eb bot\u00ebn digjitale, nj\u00eb faqe interneti \u00ebsht\u00eb shenj\u00eb e kredibilitetit dhe profesionalizmit. Klient\u00ebt e mundsh\u00ebm e vler\u00ebsojn\u00eb nj\u00eb biznes q\u00eb ka nj\u00eb prezenc\u00eb t\u00eb fort\u00eb dhe t\u00eb besueshme n\u00eb internet. Marketing Efektiv: Nj\u00eb faqe interneti ju lejon t\u00eb merrni t\u00eb dh\u00ebna t\u00eb vlefshme nga vizitor\u00ebt tuaj, t\u00eb cilat mund t\u00eb p\u00ebrdoren p\u00ebr t\u00eb targetuar klient\u00eb potencial\u00eb n\u00eb m\u00ebnyr\u00eb m\u00eb t\u00eb efektshme. Avantazhet e Dyqaneve Online: Akses n\u00eb Tregun e Gjer\u00eb: Nj\u00eb dyqan online ju lejon t\u00eb shisni produkte ose sh\u00ebrbime n\u00eb \u00e7do koh\u00eb dhe kudo n\u00eb bot\u00eb, duke eliminuar kufizimet gjeografike dhe duke rritur shanset p\u00ebr shitje. Analiza e t\u00eb Dh\u00ebnave: Faqet e internetit ofrojn\u00eb mjete p\u00ebr t\u00eb analizuar sjelljen e klient\u00ebve, duke ju ndihmuar t\u00eb kuptoni nevojat dhe preferencat e tyre n\u00eb m\u00ebnyr\u00eb m\u00eb t\u00eb mir\u00eb. Pse t\u00eb Zgjidhni Ne p\u00ebr Nd\u00ebrtimin e Faqes Tuaj: Ne jemi ekspert\u00eb n\u00eb SEO dhe nd\u00ebrtimin e faqeve t\u00eb p\u00ebrgjegjshme q\u00eb funksionojn\u00eb n\u00eb \u00e7do pajisje. Me&#8230; <\/p>\n<p><a class=\"readmore\" href=\"https:\/\/agstudio.al\/sq\/faqe-interneti-dyqan-online\/\">me shume &#8230;<\/a><\/p>\n","protected":false},"author":1,"featured_media":14093,"parent":0,"menu_order":0,"comment_status":"closed","ping_status":"closed","template":"","meta":{"_seopress_robots_primary_cat":"","_seopress_titles_title":"Nd\u00ebrtoni Suksesin Global: R\u00ebnd\u00ebsia e nj\u00eb Faqeje Interneti p\u00ebr Biznesin Tuaj&quot;","_seopress_titles_desc":"Pse \u00c7do Biznes dhe Dyqan Ka Nevoj\u00eb p\u00ebr nj\u00eb Faqe Interneti p\u00ebr t\u00eb Shitur Globalisht","_seopress_robots_index":"","_seopress_analysis_target_kw":"faqe interneti,dyqan online,Faqe Interneti p\u00ebr t\u00eb Shitur Globalisht,biznes","footnotes":""},"class_list":["post-14092","page","type-page","status-publish","has-post-thumbnail","hentry"],"_links":{"self":[{"href":"https:\/\/agstudio.al\/sq\/wp-json\/wp\/v2\/pages\/14092","targetHints":{"allow":["GET"]}}],"collection":[{"href":"https:\/\/agstudio.al\/sq\/wp-json\/wp\/v2\/pages"}],"about":[{"href":"https:\/\/agstudio.al\/sq\/wp-json\/wp\/v2\/types\/page"}],"author":[{"embeddable":true,"href":"https:\/\/agstudio.al\/sq\/wp-json\/wp\/v2\/users\/1"}],"replies":[{"embeddable":true,"href":"https:\/\/agstudio.al\/sq\/wp-json\/wp\/v2\/comments?post=14092"}],"version-history":[{"count":0,"href":"https:\/\/agstudio.al\/sq\/wp-json\/wp\/v2\/pages\/14092\/revisions"}],"wp:featuredmedia":[{"embeddable":true,"href":"https:\/\/agstudio.al\/sq\/wp-json\/wp\/v2\/media\/14093"}],"wp:attachment":[{"href":"https:\/\/agstudio.al\/sq\/wp-json\/wp\/v2\/media?parent=14092"}],"curies":[{"name":"wp","href":"https:\/\/api.w.org\/{rel}","templated":true}]}}