{"id":6136,"date":"2016-02-04T08:42:36","date_gmt":"2016-02-04T08:42:36","guid":{"rendered":"http:\/\/webnus.biz\/themes\/easyweb\/seo\/?page_id=6136"},"modified":"2017-09-03T22:02:35","modified_gmt":"2017-09-03T22:02:35","slug":"njoftime","status":"publish","type":"page","link":"https:\/\/agstudio.al\/sq\/njoftime\/","title":{"rendered":"Njoftime"},"content":{"rendered":"<div class=\"wpb-content-wrapper\"><p>[vc_row][vc_column]<section id=\"main-content-pin\"><div class=\"container\"><div id=\"pin-content\"><article  class=\"pin-box entry -item\">\r\n\r\n\r\n<div class=\"img-item\">\r\n <a href=\"https:\/\/agstudio.al\/sq\/plan-biznesi-per-nje-sipermarres-te-ri-ne-tregtine-online\/\" title=\"Plan Biznesi p\u00ebr nj\u00eb Sip\u00ebrmarr\u00ebs t\u00eb Ri n\u00eb Tregtin\u00eb Online\"><img loading=\"lazy\" decoding=\"async\" src=\"https:\/\/agstudio.al\/sq\/wp-content\/uploads\/2024\/12\/Plan-Biznesi-per-nje-Sipermarres-te-Ri-ne-Tregtine-Online.jpg\" alt=\"Plan Biznesi pe\u0308r nje\u0308 Sipe\u0308rmarre\u0308s te\u0308 Ri ne\u0308 Tregtine\u0308 Online\" class=\"landscape full\" width=\"1920\" height=\"1080\" \/><\/a><\/div>\r\n<div class=\"pin-ecxt\">\r\n\t<h6 class=\"blog-cat\"><a href=\"https:\/\/agstudio.al\/sq\/category\/marketing-ne-internet\/\" rel=\"category tag\">Marketing ne Internet<\/a> <\/h6>\r\n\t<h4><a href=\"https:\/\/agstudio.al\/sq\/plan-biznesi-per-nje-sipermarres-te-ri-ne-tregtine-online\/\">Plan Biznesi p\u00ebr nj\u00eb Sip\u00ebrmarr\u00ebs t\u00eb Ri n\u00eb Tregtin\u00eb Online<\/a><\/h4>\r\n<p>1. P\u00ebrmbledhje Ekzekutive Q\u00ebllimi: Krijimi i nj\u00eb platforme online q\u00eb ofron produkte t\u00eb zgjedhura n\u00eb nj\u00eb niche specifike p\u00ebr t\u00eb nd\u00ebrtuar nj\u00eb biznes t\u00eb q\u00ebndruesh\u00ebm dhe inovativ. Fokusimi do t\u00eb...<\/p><\/div>\r\n\t\t\t\t<div class=\"pin-ecxt2\">\r\n\t\t\t\t\t<div class=\"col1-3\"><i class=\"fa-comment-o\"><\/i><span>0<\/span><\/div>\r\n\t\t\t\t\t<div class=\"col1-3\"><img alt='' src='https:\/\/secure.gravatar.com\/avatar\/6482425cf93da9ccc4119c1e755bd60972b68215de254505d074d44ff83b74f2?s=90&#038;d=mm&#038;r=g' srcset='https:\/\/secure.gravatar.com\/avatar\/6482425cf93da9ccc4119c1e755bd60972b68215de254505d074d44ff83b74f2?s=180&#038;d=mm&#038;r=g 2x' class='avatar avatar-90 photo' height='90' width='90' \/><p><a href=\"https:\/\/agstudio.al\/sq\/author\/gjergji\/\" title=\"Posts by gjergji\" rel=\"author\">gjergji<\/a><\/p><\/div>\r\n\t\t\t\t\t<div class=\"col1-3\"><h6 class=\"blog-date\"><a href=\"https:\/\/agstudio.al\/sq\/plan-biznesi-per-nje-sipermarres-te-ri-ne-tregtine-online\/\">29 Dec 2024<\/a><\/h6><\/div>\r\n\t\t\t\t<\/div> <!-- end pin-ecxt2 -->\r\n\r\n<\/article><article  class=\"pin-box entry -item\">\r\n\r\n\r\n<div class=\"img-item\">\r\n <a href=\"https:\/\/agstudio.al\/sq\/10-pyetje-dhe-pergjigje-per-faqen-hostimin-dhe-domenin-per-sherbimin-3-ne-1-te-agstudio\/\" title=\"10 pyetje dhe p\u00ebrgjigje p\u00ebr faqen, hostimin dhe domenin, p\u00ebr sh\u00ebrbimin 3-n\u00eb-1 t\u00eb AGSTUDIO:\"><img loading=\"lazy\" decoding=\"async\" src=\"https:\/\/agstudio.al\/sq\/wp-content\/uploads\/2024\/08\/Web_Designing_agstudio.avif\" alt=\"10 pyetje dhe p\u00ebrgjigje p\u00ebr faqen, hostimin dhe domenin, p\u00ebr sh\u00ebrbimin 3-n\u00eb-1 t\u00eb AGSTUDIO:\" class=\"landscape full\" width=\"848\" height=\"477\" \/><\/a><\/div>\r\n<div class=\"pin-ecxt\">\r\n\t<h6 class=\"blog-cat\"><a href=\"https:\/\/agstudio.al\/sq\/category\/web-hosting-domain\/\" rel=\"category tag\">Web - Hosting - Domain<\/a> <\/h6>\r\n\t<h4><a href=\"https:\/\/agstudio.al\/sq\/10-pyetje-dhe-pergjigje-per-faqen-hostimin-dhe-domenin-per-sherbimin-3-ne-1-te-agstudio\/\">10 pyetje dhe p\u00ebrgjigje p\u00ebr faqen, hostimin dhe domenin, p\u00ebr sh\u00ebrbimin 3-n\u00eb-1 t\u00eb AGSTUDIO:<\/a><\/h4>\r\n<p>1. \u00c7far\u00eb \u00ebsht\u00eb nj\u00eb faqe interneti dhe pse m\u00eb duhet nj\u00eb e till\u00eb? \u2022Nj\u00eb faqe interneti \u00ebsht\u00eb prezenca juaj online q\u00eb tregon biznesin, sh\u00ebrbimet ose mark\u00ebn tuaj personale. \u00cbsht\u00eb thelb\u00ebsore...<\/p><\/div>\r\n\t\t\t\t<div class=\"pin-ecxt2\">\r\n\t\t\t\t\t<div class=\"col1-3\"><i class=\"fa-comment-o\"><\/i><span>0<\/span><\/div>\r\n\t\t\t\t\t<div class=\"col1-3\"><img alt='' src='https:\/\/secure.gravatar.com\/avatar\/6482425cf93da9ccc4119c1e755bd60972b68215de254505d074d44ff83b74f2?s=90&#038;d=mm&#038;r=g' srcset='https:\/\/secure.gravatar.com\/avatar\/6482425cf93da9ccc4119c1e755bd60972b68215de254505d074d44ff83b74f2?s=180&#038;d=mm&#038;r=g 2x' class='avatar avatar-90 photo' height='90' width='90' \/><p><a href=\"https:\/\/agstudio.al\/sq\/author\/gjergji\/\" title=\"Posts by gjergji\" rel=\"author\">gjergji<\/a><\/p><\/div>\r\n\t\t\t\t\t<div class=\"col1-3\"><h6 class=\"blog-date\"><a href=\"https:\/\/agstudio.al\/sq\/10-pyetje-dhe-pergjigje-per-faqen-hostimin-dhe-domenin-per-sherbimin-3-ne-1-te-agstudio\/\">28 Aug 2024<\/a><\/h6><\/div>\r\n\t\t\t\t<\/div> <!-- end pin-ecxt2 -->\r\n\r\n<\/article><article  class=\"pin-box entry -item\">\r\n\r\n\r\n<div class=\"img-item\">\r\n <a href=\"https:\/\/agstudio.al\/sq\/sherbimet-digitale-ne-tregun-global-nje-mundesi-e-pafund-per-profesionistet\/\" title=\"Sh\u00ebrbimet Digitale n\u00eb Tregun Global: Nj\u00eb Mund\u00ebsi e Pafund p\u00ebr Profesionist\u00ebt\"><img loading=\"lazy\" decoding=\"async\" src=\"https:\/\/agstudio.al\/sq\/wp-content\/uploads\/2024\/08\/agstudio-web.jpg\" alt=\"Sh\u00ebrbimet Digitale n\u00eb Tregun Global: Nj\u00eb Mund\u00ebsi e Pafund p\u00ebr Profesionist\u00ebt\" class=\"landscape full\" width=\"1500\" height=\"1000\" \/><\/a><\/div>\r\n<div class=\"pin-ecxt\">\r\n\t<h6 class=\"blog-cat\"><a href=\"https:\/\/agstudio.al\/sq\/category\/marketing-ne-internet\/\" rel=\"category tag\">Marketing ne Internet<\/a> <\/h6>\r\n\t<h4><a href=\"https:\/\/agstudio.al\/sq\/sherbimet-digitale-ne-tregun-global-nje-mundesi-e-pafund-per-profesionistet\/\">Sh\u00ebrbimet Digitale n\u00eb Tregun Global: Nj\u00eb Mund\u00ebsi e Pafund p\u00ebr Profesionist\u00ebt<\/a><\/h4>\r\n<p>N\u00eb epok\u00ebn dixhitale q\u00eb po jetojm\u00eb, kufijt\u00eb gjeografik\u00eb nuk jan\u00eb m\u00eb penges\u00eb p\u00ebr profesionist\u00ebt. Me zhvillimin e shpejt\u00eb t\u00eb teknologjis\u00eb dhe internetit, sh\u00ebrbimet dixhitale jan\u00eb shnd\u00ebrruar n\u00eb nj\u00eb nga tregjet...<\/p><\/div>\r\n\t\t\t\t<div class=\"pin-ecxt2\">\r\n\t\t\t\t\t<div class=\"col1-3\"><i class=\"fa-comment-o\"><\/i><span>0<\/span><\/div>\r\n\t\t\t\t\t<div class=\"col1-3\"><img alt='' src='https:\/\/secure.gravatar.com\/avatar\/6482425cf93da9ccc4119c1e755bd60972b68215de254505d074d44ff83b74f2?s=90&#038;d=mm&#038;r=g' srcset='https:\/\/secure.gravatar.com\/avatar\/6482425cf93da9ccc4119c1e755bd60972b68215de254505d074d44ff83b74f2?s=180&#038;d=mm&#038;r=g 2x' class='avatar avatar-90 photo' height='90' width='90' \/><p><a href=\"https:\/\/agstudio.al\/sq\/author\/gjergji\/\" title=\"Posts by gjergji\" rel=\"author\">gjergji<\/a><\/p><\/div>\r\n\t\t\t\t\t<div class=\"col1-3\"><h6 class=\"blog-date\"><a href=\"https:\/\/agstudio.al\/sq\/sherbimet-digitale-ne-tregun-global-nje-mundesi-e-pafund-per-profesionistet\/\">28 Aug 2024<\/a><\/h6><\/div>\r\n\t\t\t\t<\/div> <!-- end pin-ecxt2 -->\r\n\r\n<\/article><article  class=\"pin-box entry -item\">\r\n\r\n\r\n<div class=\"img-item\">\r\n <a href=\"https:\/\/agstudio.al\/sq\/si-mund-te-perfitoj-nje-shqiptar-si-qytetar-digjital-estonez-ne-fushen-digjitale\/\" title=\"Si mund t\u00eb p\u00ebrfitoj nj\u00eb shqiptar si Qytetar Digjital Estonez n\u00eb fush\u00ebn digjitale\"><img loading=\"lazy\" decoding=\"async\" src=\"https:\/\/agstudio.al\/sq\/wp-content\/uploads\/2023\/12\/Si-mund-te-perfitoj-nje-shqiptar-si-Qytetar-Digjital-Estonez-ne-fushen-digjitale.jpg\" alt=\"Si mund t\u00eb p\u00ebrfitoj nj\u00eb shqiptar si Qytetar Digjital Estonez n\u00eb fush\u00ebn digjitale\" class=\"landscape full\" width=\"1024\" height=\"673\" \/><\/a><\/div>\r\n<div class=\"pin-ecxt\">\r\n\t<h6 class=\"blog-cat\"><a href=\"https:\/\/agstudio.al\/sq\/category\/marketing-ne-internet\/\" rel=\"category tag\">Marketing ne Internet<\/a> <\/h6>\r\n\t<h4><a href=\"https:\/\/agstudio.al\/sq\/si-mund-te-perfitoj-nje-shqiptar-si-qytetar-digjital-estonez-ne-fushen-digjitale\/\">Si mund t\u00eb p\u00ebrfitoj nj\u00eb shqiptar si Qytetar Digjital Estonez n\u00eb fush\u00ebn digjitale<\/a><\/h4>\r\n<p>Si Qytetar Digjital i Estonis\u00eb, nj\u00eb shqiptar mund t\u00eb p\u00ebrfitoj\u00eb n\u00eb m\u00ebnyra t\u00eb ndryshme, ve\u00e7an\u00ebrisht n\u00eb fush\u00ebn digjitale dhe t\u00eb shitjeve online. Ja disa nga avantazhet ky\u00e7e: Hapja e nj\u00eb...<\/p><\/div>\r\n\t\t\t\t<div class=\"pin-ecxt2\">\r\n\t\t\t\t\t<div class=\"col1-3\"><i class=\"fa-comment-o\"><\/i><span>0<\/span><\/div>\r\n\t\t\t\t\t<div class=\"col1-3\"><img alt='' src='https:\/\/secure.gravatar.com\/avatar\/6482425cf93da9ccc4119c1e755bd60972b68215de254505d074d44ff83b74f2?s=90&#038;d=mm&#038;r=g' srcset='https:\/\/secure.gravatar.com\/avatar\/6482425cf93da9ccc4119c1e755bd60972b68215de254505d074d44ff83b74f2?s=180&#038;d=mm&#038;r=g 2x' class='avatar avatar-90 photo' height='90' width='90' \/><p><a href=\"https:\/\/agstudio.al\/sq\/author\/gjergji\/\" title=\"Posts by gjergji\" rel=\"author\">gjergji<\/a><\/p><\/div>\r\n\t\t\t\t\t<div class=\"col1-3\"><h6 class=\"blog-date\"><a href=\"https:\/\/agstudio.al\/sq\/si-mund-te-perfitoj-nje-shqiptar-si-qytetar-digjital-estonez-ne-fushen-digjitale\/\">15 Dec 2023<\/a><\/h6><\/div>\r\n\t\t\t\t<\/div> <!-- end pin-ecxt2 -->\r\n\r\n<\/article><article  class=\"pin-box entry -item\">\r\n\r\n\r\n<div class=\"img-item\">\r\n <a href=\"https:\/\/agstudio.al\/sq\/5-arsye-perse-eshte-e-rendesishme-te-behesh-qytetar-digjital-estonez\/\" title=\"5 arsye p\u00ebrse \u00ebsht\u00eb e r\u00ebndesishme t\u00eb b\u00ebhesh Qytetar Digjital Estonez\"><img loading=\"lazy\" decoding=\"async\" src=\"https:\/\/agstudio.al\/sq\/wp-content\/uploads\/2023\/12\/Estonian-Digital-Citizen.webp\" alt=\"5 arsye p\u00ebrse \u00ebsht\u00eb e r\u00ebndesishme t\u00eb b\u00ebhesh Qytetar Digjital Estonez\" class=\"landscape full\" width=\"650\" height=\"433\" \/><\/a><\/div>\r\n<div class=\"pin-ecxt\">\r\n\t<h6 class=\"blog-cat\"><a href=\"https:\/\/agstudio.al\/sq\/category\/marketing-ne-internet\/\" rel=\"category tag\">Marketing ne Internet<\/a> <\/h6>\r\n\t<h4><a href=\"https:\/\/agstudio.al\/sq\/5-arsye-perse-eshte-e-rendesishme-te-behesh-qytetar-digjital-estonez\/\">5 arsye p\u00ebrse \u00ebsht\u00eb e r\u00ebndesishme t\u00eb b\u00ebhesh Qytetar Digjital Estonez<\/a><\/h4>\r\n<p>T\u00eb b\u00ebhesh Qytetar Digjital i Estonis\u00eb, ose t\u00eb marr\u00ebsh e-Residency, ka disa avantazhe t\u00eb r\u00ebnd\u00ebsishme, sidomos n\u00eb bot\u00ebn e sotme digjitale dhe t\u00eb globalizuar. Ja pes\u00eb arsye pse ky status...<\/p><\/div>\r\n\t\t\t\t<div class=\"pin-ecxt2\">\r\n\t\t\t\t\t<div class=\"col1-3\"><i class=\"fa-comment-o\"><\/i><span>0<\/span><\/div>\r\n\t\t\t\t\t<div class=\"col1-3\"><img alt='' src='https:\/\/secure.gravatar.com\/avatar\/6482425cf93da9ccc4119c1e755bd60972b68215de254505d074d44ff83b74f2?s=90&#038;d=mm&#038;r=g' srcset='https:\/\/secure.gravatar.com\/avatar\/6482425cf93da9ccc4119c1e755bd60972b68215de254505d074d44ff83b74f2?s=180&#038;d=mm&#038;r=g 2x' class='avatar avatar-90 photo' height='90' width='90' \/><p><a href=\"https:\/\/agstudio.al\/sq\/author\/gjergji\/\" title=\"Posts by gjergji\" rel=\"author\">gjergji<\/a><\/p><\/div>\r\n\t\t\t\t\t<div class=\"col1-3\"><h6 class=\"blog-date\"><a href=\"https:\/\/agstudio.al\/sq\/5-arsye-perse-eshte-e-rendesishme-te-behesh-qytetar-digjital-estonez\/\">15 Dec 2023<\/a><\/h6><\/div>\r\n\t\t\t\t<\/div> <!-- end pin-ecxt2 -->\r\n\r\n<\/article><article  class=\"pin-box entry -item\">\r\n\r\n\r\n<div class=\"img-item\">\r\n <a href=\"https:\/\/agstudio.al\/sq\/si-te-vendosni-nje-link-ne-kodin-e-imazhit-html\/\" title=\"Si t\u00eb vendosni nje link n\u00eb kodin e imazhit html\"><img loading=\"lazy\" decoding=\"async\" src=\"https:\/\/agstudio.al\/sq\/wp-content\/uploads\/2023\/01\/Si-te-vendosni-nje-link-ne-kodin-e-imazhit-html.png\" alt=\"Si t\u00eb vendosni nje link n\u00eb kodin e imazhit html\" class=\"landscape full\" width=\"1200\" height=\"675\" \/><\/a><\/div>\r\n<div class=\"pin-ecxt\">\r\n\t<h6 class=\"blog-cat\"><a href=\"https:\/\/agstudio.al\/sq\/category\/web-hosting-domain\/\" rel=\"category tag\">Web - Hosting - Domain<\/a> <\/h6>\r\n\t<h4><a href=\"https:\/\/agstudio.al\/sq\/si-te-vendosni-nje-link-ne-kodin-e-imazhit-html\/\">Si t\u00eb vendosni nje link n\u00eb kodin e imazhit html<\/a><\/h4>\r\n<p>P\u00ebr t\u00eb vendosur nj\u00eb link tek nj\u00eb imazh n\u00eb HTML, duhet t\u00eb p\u00ebrdorni etiket\u00ebn &lt;a&gt; duke i vendosur imazhin brenda saj. P\u00ebr shembull: &lt;a href=&#8221;http:\/\/www.example.com&#8221;&gt; &lt;img src=&#8221;image.jpg&#8221; alt=&#8221;Image&#8221;&gt; &lt;\/a&gt; Kjo...<\/p><\/div>\r\n\t\t\t\t<div class=\"pin-ecxt2\">\r\n\t\t\t\t\t<div class=\"col1-3\"><i class=\"fa-comment-o\"><\/i><span>0<\/span><\/div>\r\n\t\t\t\t\t<div class=\"col1-3\"><img alt='' src='https:\/\/secure.gravatar.com\/avatar\/6482425cf93da9ccc4119c1e755bd60972b68215de254505d074d44ff83b74f2?s=90&#038;d=mm&#038;r=g' srcset='https:\/\/secure.gravatar.com\/avatar\/6482425cf93da9ccc4119c1e755bd60972b68215de254505d074d44ff83b74f2?s=180&#038;d=mm&#038;r=g 2x' class='avatar avatar-90 photo' height='90' width='90' \/><p><a href=\"https:\/\/agstudio.al\/sq\/author\/gjergji\/\" title=\"Posts by gjergji\" rel=\"author\">gjergji<\/a><\/p><\/div>\r\n\t\t\t\t\t<div class=\"col1-3\"><h6 class=\"blog-date\"><a href=\"https:\/\/agstudio.al\/sq\/si-te-vendosni-nje-link-ne-kodin-e-imazhit-html\/\">07 Jan 2023<\/a><\/h6><\/div>\r\n\t\t\t\t<\/div> <!-- end pin-ecxt2 -->\r\n\r\n<\/article><article  class=\"pin-box entry -item\">\r\n\r\n\r\n<div class=\"img-item\">\r\n <a href=\"https:\/\/agstudio.al\/sq\/how-to-put-the-link-in-image-code-html\/\" title=\"How to put the link in image code html\"><img loading=\"lazy\" decoding=\"async\" src=\"https:\/\/agstudio.al\/sq\/wp-content\/uploads\/2023\/01\/How-to-put-the-link-in-image-code-html.jpeg\" alt=\"How to put the link in image code html\" class=\"landscape full\" width=\"500\" height=\"333\" \/><\/a><\/div>\r\n<div class=\"pin-ecxt\">\r\n\t<h6 class=\"blog-cat\"><a href=\"https:\/\/agstudio.al\/sq\/category\/web-hosting-domain\/\" rel=\"category tag\">Web - Hosting - Domain<\/a> <\/h6>\r\n\t<h4><a href=\"https:\/\/agstudio.al\/sq\/how-to-put-the-link-in-image-code-html\/\">How to put the link in image code html<\/a><\/h4>\r\n<p>To add a link to an image in HTML, you will need to use the &lt;a&gt; element. This element is used to create a hyperlink to another webpage or a...<\/p><\/div>\r\n\t\t\t\t<div class=\"pin-ecxt2\">\r\n\t\t\t\t\t<div class=\"col1-3\"><i class=\"fa-comment-o\"><\/i><span>0<\/span><\/div>\r\n\t\t\t\t\t<div class=\"col1-3\"><img alt='' src='https:\/\/secure.gravatar.com\/avatar\/6482425cf93da9ccc4119c1e755bd60972b68215de254505d074d44ff83b74f2?s=90&#038;d=mm&#038;r=g' srcset='https:\/\/secure.gravatar.com\/avatar\/6482425cf93da9ccc4119c1e755bd60972b68215de254505d074d44ff83b74f2?s=180&#038;d=mm&#038;r=g 2x' class='avatar avatar-90 photo' height='90' width='90' \/><p><a href=\"https:\/\/agstudio.al\/sq\/author\/gjergji\/\" title=\"Posts by gjergji\" rel=\"author\">gjergji<\/a><\/p><\/div>\r\n\t\t\t\t\t<div class=\"col1-3\"><h6 class=\"blog-date\"><a href=\"https:\/\/agstudio.al\/sq\/how-to-put-the-link-in-image-code-html\/\">07 Jan 2023<\/a><\/h6><\/div>\r\n\t\t\t\t<\/div> <!-- end pin-ecxt2 -->\r\n\r\n<\/article><article  class=\"pin-box entry -item\">\r\n\r\n\r\n<div class=\"img-item\">\r\n <a href=\"https:\/\/agstudio.al\/sq\/si-mund-te-rritet-numri-i-startupeve-ne-shqiperi\/\" title=\"Si mund t\u00eb rritet numri i startupeve n\u00eb Shqip\u00ebri\"><img loading=\"lazy\" decoding=\"async\" src=\"https:\/\/agstudio.al\/sq\/wp-content\/uploads\/2023\/01\/Startup-ne-shqiperi.jpg\" alt=\"Si mund t\u00eb rritet numri i startupeve n\u00eb Shqip\u00ebri\" class=\"landscape full\" width=\"750\" height=\"421\" \/><\/a><\/div>\r\n<div class=\"pin-ecxt\">\r\n\t<h6 class=\"blog-cat\"><a href=\"https:\/\/agstudio.al\/sq\/category\/marketing-ne-internet\/\" rel=\"category tag\">Marketing ne Internet<\/a> <\/h6>\r\n\t<h4><a href=\"https:\/\/agstudio.al\/sq\/si-mund-te-rritet-numri-i-startupeve-ne-shqiperi\/\">Si mund t\u00eb rritet numri i startupeve n\u00eb Shqip\u00ebri<\/a><\/h4>\r\n<p>Startupet jan\u00eb t\u00eb r\u00ebnd\u00ebsishme p\u00ebr rritjen dhe zhvillimin e \u00e7do ekonomie. Ato sjellin risi, krijojn\u00eb vende pune dhe nxisin rritjen ekonomike. N\u00eb Shqip\u00ebri, ekosistemi startup \u00ebsht\u00eb ende n\u00eb fazat e...<\/p><\/div>\r\n\t\t\t\t<div class=\"pin-ecxt2\">\r\n\t\t\t\t\t<div class=\"col1-3\"><i class=\"fa-comment-o\"><\/i><span>0<\/span><\/div>\r\n\t\t\t\t\t<div class=\"col1-3\"><img alt='' src='https:\/\/secure.gravatar.com\/avatar\/6482425cf93da9ccc4119c1e755bd60972b68215de254505d074d44ff83b74f2?s=90&#038;d=mm&#038;r=g' srcset='https:\/\/secure.gravatar.com\/avatar\/6482425cf93da9ccc4119c1e755bd60972b68215de254505d074d44ff83b74f2?s=180&#038;d=mm&#038;r=g 2x' class='avatar avatar-90 photo' height='90' width='90' \/><p><a href=\"https:\/\/agstudio.al\/sq\/author\/gjergji\/\" title=\"Posts by gjergji\" rel=\"author\">gjergji<\/a><\/p><\/div>\r\n\t\t\t\t\t<div class=\"col1-3\"><h6 class=\"blog-date\"><a href=\"https:\/\/agstudio.al\/sq\/si-mund-te-rritet-numri-i-startupeve-ne-shqiperi\/\">07 Jan 2023<\/a><\/h6><\/div>\r\n\t\t\t\t<\/div> <!-- end pin-ecxt2 -->\r\n\r\n<\/article><article  class=\"pin-box entry -item\">\r\n\r\n\r\n<div class=\"img-item\">\r\n <a href=\"https:\/\/agstudio.al\/sq\/pse-biznesi-juaj-po-humbet-para-pa-nje-faqe-interneti\/\" title=\"Pse biznesi juaj po humbet para, pa nj\u00eb faqe interneti!\"><img loading=\"lazy\" decoding=\"async\" src=\"https:\/\/agstudio.al\/sq\/wp-content\/uploads\/2022\/12\/Pse-biznesi-juaj-po-humbet-para-pa-nje-faqe-interneti.jpg\" alt=\"Pse biznesi juaj po humbet para, pa nj\u00eb faqe interneti!\" class=\"landscape full\" width=\"1500\" height=\"787\" \/><\/a><\/div>\r\n<div class=\"pin-ecxt\">\r\n\t<h6 class=\"blog-cat\"><a href=\"https:\/\/agstudio.al\/sq\/category\/marketing-ne-internet\/\" rel=\"category tag\">Marketing ne Internet<\/a> <\/h6>\r\n\t<h4><a href=\"https:\/\/agstudio.al\/sq\/pse-biznesi-juaj-po-humbet-para-pa-nje-faqe-interneti\/\">Pse biznesi juaj po humbet para, pa nj\u00eb faqe interneti!<\/a><\/h4>\r\n<p>Pse biznesi juaj po humbet para, pa nj\u00eb faqe interneti! N\u00ebse po filloni ose drejtoni nj\u00eb biznes t\u00eb vog\u00ebl, do t\u00eb keni nevoj\u00eb p\u00ebr nj\u00eb prani n\u00eb internet n\u00eb k\u00ebt\u00eb...<\/p><\/div>\r\n\t\t\t\t<div class=\"pin-ecxt2\">\r\n\t\t\t\t\t<div class=\"col1-3\"><i class=\"fa-comment-o\"><\/i><span>0<\/span><\/div>\r\n\t\t\t\t\t<div class=\"col1-3\"><img alt='' src='https:\/\/secure.gravatar.com\/avatar\/6482425cf93da9ccc4119c1e755bd60972b68215de254505d074d44ff83b74f2?s=90&#038;d=mm&#038;r=g' srcset='https:\/\/secure.gravatar.com\/avatar\/6482425cf93da9ccc4119c1e755bd60972b68215de254505d074d44ff83b74f2?s=180&#038;d=mm&#038;r=g 2x' class='avatar avatar-90 photo' height='90' width='90' \/><p><a href=\"https:\/\/agstudio.al\/sq\/author\/gjergji\/\" title=\"Posts by gjergji\" rel=\"author\">gjergji<\/a><\/p><\/div>\r\n\t\t\t\t\t<div class=\"col1-3\"><h6 class=\"blog-date\"><a href=\"https:\/\/agstudio.al\/sq\/pse-biznesi-juaj-po-humbet-para-pa-nje-faqe-interneti\/\">23 Dec 2022<\/a><\/h6><\/div>\r\n\t\t\t\t<\/div> <!-- end pin-ecxt2 -->\r\n\r\n<\/article><article  class=\"pin-box entry -item\">\r\n\r\n\r\n<div class=\"img-item\">\r\n <a href=\"https:\/\/agstudio.al\/sq\/meta-i-ben-grupet-e-facebook-te-ngjashme-me-discord\/\" title=\"Meta i b\u00ebn grupet e Facebook t\u00eb ngjashme me Discord\"><img loading=\"lazy\" decoding=\"async\" src=\"https:\/\/agstudio.al\/sq\/wp-content\/uploads\/2022\/09\/200ce0bd-meta.jpg\" alt=\"Meta i b\u00ebn grupet e Facebook t\u00eb ngjashme me Discord\" class=\"landscape full\" width=\"1600\" height=\"1000\" \/><\/a><\/div>\r\n<div class=\"pin-ecxt\">\r\n\t<h6 class=\"blog-cat\"><a href=\"https:\/\/agstudio.al\/sq\/category\/rrjete-sociale\/\" rel=\"category tag\">Rrjete Sociale<\/a> <\/h6>\r\n\t<h4><a href=\"https:\/\/agstudio.al\/sq\/meta-i-ben-grupet-e-facebook-te-ngjashme-me-discord\/\">Meta i b\u00ebn grupet e Facebook t\u00eb ngjashme me Discord<\/a><\/h4>\r\n<p>Duke qen\u00eb se Meta synon q\u00eb Community Chats t\u00eb sh\u00ebrbejn\u00eb si m\u00ebnyr\u00eb komunikimi me njer\u00ebz jasht\u00eb rrethit tuaj, ka v\u00ebn\u00eb n\u00eb dispozicion mjete moderimi p\u00ebr administrator\u00ebt. Meta prezantoi nj\u00eb m\u00ebnyr\u00eb...<\/p><\/div>\r\n\t\t\t\t<div class=\"pin-ecxt2\">\r\n\t\t\t\t\t<div class=\"col1-3\"><i class=\"fa-comment-o\"><\/i><span>0<\/span><\/div>\r\n\t\t\t\t\t<div class=\"col1-3\"><img alt='' src='https:\/\/secure.gravatar.com\/avatar\/6482425cf93da9ccc4119c1e755bd60972b68215de254505d074d44ff83b74f2?s=90&#038;d=mm&#038;r=g' srcset='https:\/\/secure.gravatar.com\/avatar\/6482425cf93da9ccc4119c1e755bd60972b68215de254505d074d44ff83b74f2?s=180&#038;d=mm&#038;r=g 2x' class='avatar avatar-90 photo' height='90' width='90' \/><p><a href=\"https:\/\/agstudio.al\/sq\/author\/gjergji\/\" title=\"Posts by gjergji\" rel=\"author\">gjergji<\/a><\/p><\/div>\r\n\t\t\t\t\t<div class=\"col1-3\"><h6 class=\"blog-date\"><a href=\"https:\/\/agstudio.al\/sq\/meta-i-ben-grupet-e-facebook-te-ngjashme-me-discord\/\">21 Sep 2022<\/a><\/h6><\/div>\r\n\t\t\t\t<\/div> <!-- end pin-ecxt2 -->\r\n\r\n<\/article><\/div><div class='wp-pagenavi' role='navigation'>\n<span class='pages'>Page 1 of 4<\/span><span aria-current='page' class='current'>1<\/span><a class=\"page larger\" title=\"Page 2\" href=\"https:\/\/agstudio.al\/sq\/wp-json\/wp\/v2\/pages\/6136\/page\/2\/\">2<\/a><a class=\"page larger\" title=\"Page 3\" href=\"https:\/\/agstudio.al\/sq\/wp-json\/wp\/v2\/pages\/6136\/page\/3\/\">3<\/a><a class=\"page larger\" title=\"Page 4\" href=\"https:\/\/agstudio.al\/sq\/wp-json\/wp\/v2\/pages\/6136\/page\/4\/\">4<\/a><a class=\"nextpostslink\" rel=\"next\" aria-label=\"Next Page\" href=\"https:\/\/agstudio.al\/sq\/wp-json\/wp\/v2\/pages\/6136\/page\/2\/\">&raquo;<\/a>\n<\/div>[\/vc_column][\/vc_row]<\/p>\n<\/div>","protected":false},"excerpt":{"rendered":"<p>[vc_row][vc_column][\/vc_column][\/vc_row]<\/p>\n","protected":false},"author":1,"featured_media":0,"parent":0,"menu_order":0,"comment_status":"closed","ping_status":"closed","template":"","meta":{"_seopress_robots_primary_cat":"","_seopress_titles_title":"Njoftime","_seopress_titles_desc":"","_seopress_robots_index":"","_seopress_analysis_target_kw":"njoftime","footnotes":""},"class_list":["post-6136","page","type-page","status-publish","hentry"],"_links":{"self":[{"href":"https:\/\/agstudio.al\/sq\/wp-json\/wp\/v2\/pages\/6136","targetHints":{"allow":["GET"]}}],"collection":[{"href":"https:\/\/agstudio.al\/sq\/wp-json\/wp\/v2\/pages"}],"about":[{"href":"https:\/\/agstudio.al\/sq\/wp-json\/wp\/v2\/types\/page"}],"author":[{"embeddable":true,"href":"https:\/\/agstudio.al\/sq\/wp-json\/wp\/v2\/users\/1"}],"replies":[{"embeddable":true,"href":"https:\/\/agstudio.al\/sq\/wp-json\/wp\/v2\/comments?post=6136"}],"version-history":[{"count":0,"href":"https:\/\/agstudio.al\/sq\/wp-json\/wp\/v2\/pages\/6136\/revisions"}],"wp:attachment":[{"href":"https:\/\/agstudio.al\/sq\/wp-json\/wp\/v2\/media?parent=6136"}],"curies":[{"name":"wp","href":"https:\/\/api.w.org\/{rel}","templated":true}]}}