{"id":14479,"date":"2023-02-14T13:48:00","date_gmt":"2023-02-14T11:48:00","guid":{"rendered":"https:\/\/agstudio.al\/sq\/?post_type=product&#038;p=14479"},"modified":"2024-07-09T20:00:43","modified_gmt":"2024-07-09T18:00:43","slug":"mirembajtje-faqe-interneti-abonim-2-vjecar","status":"publish","type":"product","link":"https:\/\/agstudio.al\/sq\/product\/mirembajtje-faqe-interneti-abonim-2-vjecar\/","title":{"rendered":"Mir\u00ebmbajtje faqe interneti (Abonim 2-Vje\u00e7ar)"},"content":{"rendered":"<p>\u2022 Nd\u00ebrsa teknologjia p\u00ebrparon, faqja e internetit duhet t\u00eb hapet dhe t\u00eb jet\u00eb funksionale n\u00eb shfletuesit (browsers) e ndrysh\u00ebm.<br \/>\n\u2022 Siguria dhe mbrojtja nga sulmet, viruset, malware, etc.<br \/>\n\u2022 Krijim kopjesh t\u00eb rregullta rezerv\u00eb t\u00eb faqeve (website back-up).<br \/>\n\u2022 P\u00ebrdit\u00ebsim (upgrade) i gjuh\u00ebve t\u00eb programimit, sistemit dhe CMS-s\u00eb dhe platformave, sa her\u00eb dalin versionet e reja.<br \/>\n\u2022 P\u00ebrdit\u00ebsim (upgrade) i plugin-eve.<\/p>\n<p>\u2022 Sh\u00ebrbime opsionale q\u00eb shkojn\u00eb krahas mir\u00ebmbajtjes s\u00eb mir\u00ebfillt\u00eb: Koordinim i ekipeve t\u00eb hierarkis\u00eb t\u00eb administrimit, Pershtatja e p\u00ebrmbajtjes p\u00ebr SEO (optimizim p\u00ebr motorr\u00ebt e k\u00ebrkimit) e faqeve, Menaxhim i pranis\u00eb n\u00eb Median Sociale, Marketingu i P\u00ebrmbajtjes (content marketing).<\/p>\n<p>&nbsp;<\/p>\n<p>&nbsp;<\/p>\n<p>&nbsp;<\/p>\n<p>&nbsp;<\/p>\n","protected":false},"excerpt":{"rendered":"<p>Suporti dhe mir\u00ebmbajtja p\u00ebr faqe interneti (website maintenance and support), p\u00ebrfshijn\u00eb disa pro\u00e7ese:<\/p>\n<p>&nbsp;<\/p>\n<p>&nbsp;<\/p>\n<p>&nbsp;<\/p>\n<p>&nbsp;<\/p>\n<p>&nbsp;<\/p>\n<p>&nbsp;<\/p>\n<p>&nbsp;<\/p>\n<p>&nbsp;<\/p>\n<p>&nbsp;<\/p>\n","protected":false},"featured_media":14461,"comment_status":"open","ping_status":"closed","template":"","meta":{"_seopress_robots_primary_cat":"","_seopress_titles_title":"Mir\u00ebmbajtje faqe interneti","_seopress_titles_desc":"Siguria dhe mbrojtja nga sulmet, viruset, malware, etc. Krijim kopjesh t\u00eb rregullta rezerv\u00eb t\u00eb faqeve (website back-up). P\u00ebrdit\u00ebsim (upgrade) i gjuh\u00ebve t\u00eb programimit, sistemit","_seopress_robots_index":"","_seopress_analysis_target_kw":"siguria dhe mbrojtja nga sulmet,sulmet, viruset, malware,malware,krijim kopjesh t\u00eb rregullta rezerv\u00eb t\u00eb faqeve,website back-up,p\u00ebrdit\u00ebsim (upgrade,upgrade"},"product_brand":[],"product_cat":[718],"product_tag":[],"class_list":{"0":"post-14479","1":"product","2":"type-product","3":"status-publish","4":"has-post-thumbnail","6":"product_cat-web-security","8":"first","9":"instock","10":"sale","11":"taxable","12":"shipping-taxable","13":"purchasable","14":"product-type-simple"},"_links":{"self":[{"href":"https:\/\/agstudio.al\/sq\/wp-json\/wp\/v2\/product\/14479","targetHints":{"allow":["GET"]}}],"collection":[{"href":"https:\/\/agstudio.al\/sq\/wp-json\/wp\/v2\/product"}],"about":[{"href":"https:\/\/agstudio.al\/sq\/wp-json\/wp\/v2\/types\/product"}],"replies":[{"embeddable":true,"href":"https:\/\/agstudio.al\/sq\/wp-json\/wp\/v2\/comments?post=14479"}],"wp:featuredmedia":[{"embeddable":true,"href":"https:\/\/agstudio.al\/sq\/wp-json\/wp\/v2\/media\/14461"}],"wp:attachment":[{"href":"https:\/\/agstudio.al\/sq\/wp-json\/wp\/v2\/media?parent=14479"}],"wp:term":[{"taxonomy":"product_brand","embeddable":true,"href":"https:\/\/agstudio.al\/sq\/wp-json\/wp\/v2\/product_brand?post=14479"},{"taxonomy":"product_cat","embeddable":true,"href":"https:\/\/agstudio.al\/sq\/wp-json\/wp\/v2\/product_cat?post=14479"},{"taxonomy":"product_tag","embeddable":true,"href":"https:\/\/agstudio.al\/sq\/wp-json\/wp\/v2\/product_tag?post=14479"}],"curies":[{"name":"wp","href":"https:\/\/api.w.org\/{rel}","templated":true}]}}