{"id":14612,"date":"2024-01-15T15:50:48","date_gmt":"2024-01-15T13:50:48","guid":{"rendered":"https:\/\/agstudio.al\/sq\/?post_type=product&#038;p=14612"},"modified":"2024-08-24T11:14:53","modified_gmt":"2024-08-24T09:14:53","slug":"add-funds-100","status":"publish","type":"product","link":"https:\/\/agstudio.al\/sq\/product\/add-funds-100\/","title":{"rendered":"ADD FUNDS 100"},"content":{"rendered":"<p class=\"p1\">N\u00eb bot\u00ebn e shpejt\u00eb dixhitale, menaxhimi efektiv i aseteve online, si domenet dhe sh\u00ebrbimet e hostimit, \u00ebsht\u00eb thelb\u00ebsor. Nj\u00eb strategji efektive p\u00ebr t\u00eb leht\u00ebsuar k\u00ebt\u00eb proces \u00ebsht\u00eb shtimi i krediteve n\u00eb llogarin\u00eb tuaj p\u00ebr sh\u00ebrbimet e domenit dhe hostimit. Ky qasje jo vet\u00ebm q\u00eb siguron q\u00eb k\u00ebto sh\u00ebrbime jetike t\u00eb mos skadojn\u00eb papritur, por gjithashtu kursen koh\u00eb dhe p\u00ebrpjekje q\u00eb do t\u00eb shpenzoheshin p\u00ebr pagesat e drejtp\u00ebrdrejta me para.<\/p>\n<p class=\"p1\">Duke parapaguar llogarin\u00eb tuaj me kredi, ju krijoni nj\u00eb hap\u00ebsir\u00eb sigurie q\u00eb rinovon automatikisht sh\u00ebrbimet e domenit dhe hostimit pa nevoj\u00ebn p\u00ebr nd\u00ebrhyrje manuale sa her\u00eb q\u00eb afron pagesa. Kjo metod\u00eb \u00ebsht\u00eb ve\u00e7an\u00ebrisht e dobishme p\u00ebr individ\u00ebt dhe bizneset e z\u00ebna q\u00eb nuk mund t\u00eb p\u00ebrballojn\u00eb rrezikun e nd\u00ebrprerjes s\u00eb sh\u00ebrbimeve p\u00ebr shkak t\u00eb pagesave t\u00eb vonuara. Gjithashtu, kjo ul ngarkes\u00ebn administrative p\u00ebr ndjekjen e datave t\u00eb pagesave dhe p\u00ebrpunimin e transaksioneve, duke ju lejuar t\u00eb p\u00ebrqendroheni m\u00eb shum\u00eb n\u00eb aktivitetet tuaja kryesore.<\/p>\n","protected":false},"excerpt":{"rendered":"<p class=\"p1\">P\u00ebrdorimi i krediteve dixhitale p\u00ebr sh\u00ebrbimet e domenit dhe hostimit nuk \u00ebsht\u00eb thjesht nj\u00eb leht\u00ebsi; \u00ebsht\u00eb nj\u00eb veprim strategjik p\u00ebr nj\u00eb menaxhim m\u00eb efikas dhe t\u00eb besuesh\u00ebm t\u00eb prezenc\u00ebs tuaj online.<\/p>\n","protected":false},"featured_media":14613,"comment_status":"open","ping_status":"closed","template":"","meta":{"_seopress_robots_primary_cat":"none","_seopress_titles_title":"P\u00ebrdorimi i krediteve dixhitale p\u00ebr sh\u00ebrbimet e domenit dhe hostimit","_seopress_titles_desc":"P\u00ebrdorimi i krediteve dixhitale p\u00ebr sh\u00ebrbimet e domenit dhe hostimit nuk \u00ebsht\u00eb thjesht nj\u00eb leht\u00ebsi; \u00ebsht\u00eb nj\u00eb veprim strategjik","_seopress_robots_index":"","_seopress_analysis_target_kw":""},"product_brand":[],"product_cat":[754],"product_tag":[],"class_list":{"0":"post-14612","1":"product","2":"type-product","3":"status-publish","4":"has-post-thumbnail","6":"product_cat-kreditime","8":"first","9":"instock","10":"taxable","11":"shipping-taxable","12":"purchasable","13":"product-type-simple"},"_links":{"self":[{"href":"https:\/\/agstudio.al\/sq\/wp-json\/wp\/v2\/product\/14612","targetHints":{"allow":["GET"]}}],"collection":[{"href":"https:\/\/agstudio.al\/sq\/wp-json\/wp\/v2\/product"}],"about":[{"href":"https:\/\/agstudio.al\/sq\/wp-json\/wp\/v2\/types\/product"}],"replies":[{"embeddable":true,"href":"https:\/\/agstudio.al\/sq\/wp-json\/wp\/v2\/comments?post=14612"}],"wp:featuredmedia":[{"embeddable":true,"href":"https:\/\/agstudio.al\/sq\/wp-json\/wp\/v2\/media\/14613"}],"wp:attachment":[{"href":"https:\/\/agstudio.al\/sq\/wp-json\/wp\/v2\/media?parent=14612"}],"wp:term":[{"taxonomy":"product_brand","embeddable":true,"href":"https:\/\/agstudio.al\/sq\/wp-json\/wp\/v2\/product_brand?post=14612"},{"taxonomy":"product_cat","embeddable":true,"href":"https:\/\/agstudio.al\/sq\/wp-json\/wp\/v2\/product_cat?post=14612"},{"taxonomy":"product_tag","embeddable":true,"href":"https:\/\/agstudio.al\/sq\/wp-json\/wp\/v2\/product_tag?post=14612"}],"curies":[{"name":"wp","href":"https:\/\/api.w.org\/{rel}","templated":true}]}}